{"id":82634,"date":"2019-10-22T23:07:56","date_gmt":"2019-10-22T21:07:56","guid":{"rendered":"https:\/\/simoneschroeder.de\/mystuff\/?page_id=82634"},"modified":"2022-09-22T23:28:02","modified_gmt":"2022-09-22T21:28:02","slug":"contact","status":"publish","type":"page","link":"https:\/\/simoneschroeder.de\/mystuff\/contact\/","title":{"rendered":"Kontakt"},"content":{"rendered":"<div class=\"wpb-content-wrapper\"><p>[vc_row unlock_row_content=&#8220;yes&#8220; row_height_percent=&#8220;0&#8243; override_padding=&#8220;yes&#8220; h_padding=&#8220;3&#8243; top_padding=&#8220;0&#8243; bottom_padding=&#8220;0&#8243; overlay_alpha=&#8220;50&#8243; gutter_size=&#8220;4&#8243; column_width_percent=&#8220;100&#8243; shift_y=&#8220;0&#8243; z_index=&#8220;0&#8243; row_height_pixel=&#8220;200&#8243;][vc_column column_width_percent=&#8220;100&#8243; gutter_size=&#8220;3&#8243; back_color=&#8220;color-gyho&#8220; overlay_alpha=&#8220;50&#8243; shift_x=&#8220;2&#8243; shift_y=&#8220;-5&#8243; shift_y_down=&#8220;0&#8243; z_index=&#8220;0&#8243; medium_width=&#8220;0&#8243; mobile_width=&#8220;0&#8243; width=&#8220;6\/12&#8243;][vc_custom_heading text_color=&#8220;color-prif&#8220; heading_semantic=&#8220;p&#8220; text_size=&#8220;h4&#8243; text_weight=&#8220;300&#8243; text_space=&#8220;fontspace-781688&#8243; sub_lead=&#8220;yes&#8220;]Simone Schr\u00f6der<br \/>\nVisuelle Kommunikation<br \/>\nc\/o Heikonaut<br \/>\nSewanstr. 122<br \/>\n10319 Berlin[\/vc_custom_heading][vc_custom_heading text_color=&#8220;color-prif&#8220; heading_semantic=&#8220;p&#8220; text_size=&#8220;h4&#8243; text_weight=&#8220;600&#8243; text_space=&#8220;fontspace-781688&#8243; sub_lead=&#8220;yes&#8220;]<a href=\"mailto:info@simoneschroeder.de\">info(at)simoneschroeder.de<\/a><\/p>\n<p>+49 178 5437260[\/vc_custom_heading][\/vc_column][vc_column column_width_percent=&#8220;100&#8243; position_vertical=&#8220;bottom&#8220; gutter_size=&#8220;3&#8243; expand_height=&#8220;yes&#8220; overlay_alpha=&#8220;50&#8243; shift_x=&#8220;-5&#8243; shift_y=&#8220;5&#8243; shift_y_down=&#8220;5&#8243; z_index=&#8220;0&#8243; medium_width=&#8220;0&#8243; mobile_width=&#8220;0&#8243; width=&#8220;6\/12&#8243;][vc_single_image media=&#8220;83918&#8243; caption=&#8220;yes&#8220; media_width_percent=&#8220;100&#8243; uncode_shortcode_id=&#8220;720982&#8243; media_link=&#8220;url:https%3A%2F%2Fwww.google.com%2Fmaps%2Fdir%2F%2FSimone%2BSchr%25C3%25B6der%2B%25E2%2580%2593%2BVisuelle%2BKommunikation%2BSewanstra%25C3%259Fe%2B122%2B10319%2BBerlin%2F%4052.4962857%2C13.506252%2C16z%2Fdata%3D!4m8!4m7!1m0!1m5!1m1!1s0x47a84f97a9fa8523%3A0x4cb7b1992e71082e!2m2!1d13.506252!2d52.4962857|title:Hier%20geht%C2%B4s%20weiter%20zu%20Google%20Maps%20&#8230;.|target:_blank&#8220;][\/vc_column][\/vc_row]<\/p>\n<\/div>","protected":false},"excerpt":{"rendered":"<p>[vc_row unlock_row_content=&#8220;yes&#8220; row_height_percent=&#8220;0&#8243; override_padding=&#8220;yes&#8220; h_padding=&#8220;3&#8243; top_padding=&#8220;0&#8243; bottom_padding=&#8220;0&#8243; overlay_alpha=&#8220;50&#8243; gutter_size=&#8220;4&#8243; column_width_percent=&#8220;100&#8243; shift_y=&#8220;0&#8243; z_index=&#8220;0&#8243; row_height_pixel=&#8220;200&#8243;][vc_column column_width_percent=&#8220;100&#8243; gutter_size=&#8220;3&#8243; back_color=&#8220;color-gyho&#8220; overlay_alpha=&#8220;50&#8243; shift_x=&#8220;2&#8243; shift_y=&#8220;-5&#8243; shift_y_down=&#8220;0&#8243; [&hellip;]<\/p>\n","protected":false},"author":1,"featured_media":0,"parent":0,"menu_order":0,"comment_status":"closed","ping_status":"closed","template":"","meta":{"footnotes":""},"class_list":["post-82634","page","type-page","status-publish","hentry","page_category-portfolio"],"yoast_head":"<!-- This site is optimized with the Yoast SEO plugin v27.3 - https:\/\/yoast.com\/product\/yoast-seo-wordpress\/ -->\n<title>Kontakt &#8212; Simone Schr\u00f6der \u2013 Visuelle Kommunikation<\/title>\n<meta name=\"description\" content=\"Ich bin freiberuflich in Berlin t\u00e4tig. Bei Fragen, f\u00fcr Buchungen und Kooperationen z\u00f6gern Sie nicht mich zu kontaktieren.\" \/>\n<meta name=\"robots\" content=\"index, follow, max-snippet:-1, max-image-preview:large, max-video-preview:-1\" \/>\n<link rel=\"canonical\" href=\"https:\/\/simoneschroeder.de\/mystuff\/contact\/\" \/>\n<meta property=\"og:locale\" content=\"de_DE\" \/>\n<meta property=\"og:type\" content=\"article\" \/>\n<meta property=\"og:title\" content=\"Kontakt &#8212; Simone Schr\u00f6der \u2013 Visuelle Kommunikation\" \/>\n<meta property=\"og:description\" content=\"Ich bin freiberuflich in Berlin t\u00e4tig. Bei Fragen, f\u00fcr Buchungen und Kooperationen z\u00f6gern Sie nicht mich zu kontaktieren.\" \/>\n<meta property=\"og:url\" content=\"https:\/\/simoneschroeder.de\/mystuff\/contact\/\" \/>\n<meta property=\"og:site_name\" content=\"Simone Schr\u00f6der \u2013 Visuelle Kommunikation\" \/>\n<meta property=\"article:modified_time\" content=\"2022-09-22T21:28:02+00:00\" \/>\n<meta name=\"twitter:card\" content=\"summary_large_image\" \/>\n<meta name=\"twitter:label1\" content=\"Gesch\u00e4tzte Lesezeit\" \/>\n\t<meta name=\"twitter:data1\" content=\"1\u00a0Minute\" \/>\n<script type=\"application\/ld+json\" class=\"yoast-schema-graph\">{\"@context\":\"https:\\\/\\\/schema.org\",\"@graph\":[{\"@type\":\"WebPage\",\"@id\":\"https:\\\/\\\/simoneschroeder.de\\\/mystuff\\\/contact\\\/\",\"url\":\"https:\\\/\\\/simoneschroeder.de\\\/mystuff\\\/contact\\\/\",\"name\":\"Kontakt &#8212; Simone Schr\u00f6der \u2013 Visuelle Kommunikation\",\"isPartOf\":{\"@id\":\"https:\\\/\\\/simoneschroeder.de\\\/mystuff\\\/#website\"},\"datePublished\":\"2019-10-22T21:07:56+00:00\",\"dateModified\":\"2022-09-22T21:28:02+00:00\",\"description\":\"Ich bin freiberuflich in Berlin t\u00e4tig. Bei Fragen, f\u00fcr Buchungen und Kooperationen z\u00f6gern Sie nicht mich zu kontaktieren.\",\"breadcrumb\":{\"@id\":\"https:\\\/\\\/simoneschroeder.de\\\/mystuff\\\/contact\\\/#breadcrumb\"},\"inLanguage\":\"de\",\"potentialAction\":[{\"@type\":\"ReadAction\",\"target\":[\"https:\\\/\\\/simoneschroeder.de\\\/mystuff\\\/contact\\\/\"]}]},{\"@type\":\"BreadcrumbList\",\"@id\":\"https:\\\/\\\/simoneschroeder.de\\\/mystuff\\\/contact\\\/#breadcrumb\",\"itemListElement\":[{\"@type\":\"ListItem\",\"position\":1,\"name\":\"Startseite\",\"item\":\"https:\\\/\\\/simoneschroeder.de\\\/mystuff\\\/\"},{\"@type\":\"ListItem\",\"position\":2,\"name\":\"Kontakt\"}]},{\"@type\":\"WebSite\",\"@id\":\"https:\\\/\\\/simoneschroeder.de\\\/mystuff\\\/#website\",\"url\":\"https:\\\/\\\/simoneschroeder.de\\\/mystuff\\\/\",\"name\":\"Simone Schr\u00f6der \u2013 Visuelle Kommunikation\",\"description\":\"B\u00fcro f\u00fcr visuelle Kommunikation \\\/ Corporate Design, Print und Webdesign\",\"publisher\":{\"@id\":\"https:\\\/\\\/simoneschroeder.de\\\/mystuff\\\/#\\\/schema\\\/person\\\/f61a5acbf2e00bb9117e0a9a446298cb\"},\"potentialAction\":[{\"@type\":\"SearchAction\",\"target\":{\"@type\":\"EntryPoint\",\"urlTemplate\":\"https:\\\/\\\/simoneschroeder.de\\\/mystuff\\\/?s={search_term_string}\"},\"query-input\":{\"@type\":\"PropertyValueSpecification\",\"valueRequired\":true,\"valueName\":\"search_term_string\"}}],\"inLanguage\":\"de\"},{\"@type\":[\"Person\",\"Organization\"],\"@id\":\"https:\\\/\\\/simoneschroeder.de\\\/mystuff\\\/#\\\/schema\\\/person\\\/f61a5acbf2e00bb9117e0a9a446298cb\",\"name\":\"Simone Schr\u00f6der\",\"image\":{\"@type\":\"ImageObject\",\"inLanguage\":\"de\",\"@id\":\"https:\\\/\\\/simoneschroeder.de\\\/mystuff\\\/wp-content\\\/uploads\\\/2020\\\/06\\\/simone-schroeder-visuelle-kommunikation.png\",\"url\":\"https:\\\/\\\/simoneschroeder.de\\\/mystuff\\\/wp-content\\\/uploads\\\/2020\\\/06\\\/simone-schroeder-visuelle-kommunikation.png\",\"contentUrl\":\"https:\\\/\\\/simoneschroeder.de\\\/mystuff\\\/wp-content\\\/uploads\\\/2020\\\/06\\\/simone-schroeder-visuelle-kommunikation.png\",\"width\":1253,\"height\":464,\"caption\":\"Simone Schr\u00f6der\"},\"logo\":{\"@id\":\"https:\\\/\\\/simoneschroeder.de\\\/mystuff\\\/wp-content\\\/uploads\\\/2020\\\/06\\\/simone-schroeder-visuelle-kommunikation.png\"},\"sameAs\":[\"https:\\\/\\\/simoneschroeder.de\",\"https:\\\/\\\/www.instagram.com\\\/simoneschroeder\\\/\"]}]}<\/script>\n<!-- \/ Yoast SEO plugin. -->","yoast_head_json":{"title":"Kontakt &#8212; Simone Schr\u00f6der \u2013 Visuelle Kommunikation","description":"Ich bin freiberuflich in Berlin t\u00e4tig. Bei Fragen, f\u00fcr Buchungen und Kooperationen z\u00f6gern Sie nicht mich zu kontaktieren.","robots":{"index":"index","follow":"follow","max-snippet":"max-snippet:-1","max-image-preview":"max-image-preview:large","max-video-preview":"max-video-preview:-1"},"canonical":"https:\/\/simoneschroeder.de\/mystuff\/contact\/","og_locale":"de_DE","og_type":"article","og_title":"Kontakt &#8212; Simone Schr\u00f6der \u2013 Visuelle Kommunikation","og_description":"Ich bin freiberuflich in Berlin t\u00e4tig. Bei Fragen, f\u00fcr Buchungen und Kooperationen z\u00f6gern Sie nicht mich zu kontaktieren.","og_url":"https:\/\/simoneschroeder.de\/mystuff\/contact\/","og_site_name":"Simone Schr\u00f6der \u2013 Visuelle Kommunikation","article_modified_time":"2022-09-22T21:28:02+00:00","twitter_card":"summary_large_image","twitter_misc":{"Gesch\u00e4tzte Lesezeit":"1\u00a0Minute"},"schema":{"@context":"https:\/\/schema.org","@graph":[{"@type":"WebPage","@id":"https:\/\/simoneschroeder.de\/mystuff\/contact\/","url":"https:\/\/simoneschroeder.de\/mystuff\/contact\/","name":"Kontakt &#8212; Simone Schr\u00f6der \u2013 Visuelle Kommunikation","isPartOf":{"@id":"https:\/\/simoneschroeder.de\/mystuff\/#website"},"datePublished":"2019-10-22T21:07:56+00:00","dateModified":"2022-09-22T21:28:02+00:00","description":"Ich bin freiberuflich in Berlin t\u00e4tig. Bei Fragen, f\u00fcr Buchungen und Kooperationen z\u00f6gern Sie nicht mich zu kontaktieren.","breadcrumb":{"@id":"https:\/\/simoneschroeder.de\/mystuff\/contact\/#breadcrumb"},"inLanguage":"de","potentialAction":[{"@type":"ReadAction","target":["https:\/\/simoneschroeder.de\/mystuff\/contact\/"]}]},{"@type":"BreadcrumbList","@id":"https:\/\/simoneschroeder.de\/mystuff\/contact\/#breadcrumb","itemListElement":[{"@type":"ListItem","position":1,"name":"Startseite","item":"https:\/\/simoneschroeder.de\/mystuff\/"},{"@type":"ListItem","position":2,"name":"Kontakt"}]},{"@type":"WebSite","@id":"https:\/\/simoneschroeder.de\/mystuff\/#website","url":"https:\/\/simoneschroeder.de\/mystuff\/","name":"Simone Schr\u00f6der \u2013 Visuelle Kommunikation","description":"B\u00fcro f\u00fcr visuelle Kommunikation \/ Corporate Design, Print und Webdesign","publisher":{"@id":"https:\/\/simoneschroeder.de\/mystuff\/#\/schema\/person\/f61a5acbf2e00bb9117e0a9a446298cb"},"potentialAction":[{"@type":"SearchAction","target":{"@type":"EntryPoint","urlTemplate":"https:\/\/simoneschroeder.de\/mystuff\/?s={search_term_string}"},"query-input":{"@type":"PropertyValueSpecification","valueRequired":true,"valueName":"search_term_string"}}],"inLanguage":"de"},{"@type":["Person","Organization"],"@id":"https:\/\/simoneschroeder.de\/mystuff\/#\/schema\/person\/f61a5acbf2e00bb9117e0a9a446298cb","name":"Simone Schr\u00f6der","image":{"@type":"ImageObject","inLanguage":"de","@id":"https:\/\/simoneschroeder.de\/mystuff\/wp-content\/uploads\/2020\/06\/simone-schroeder-visuelle-kommunikation.png","url":"https:\/\/simoneschroeder.de\/mystuff\/wp-content\/uploads\/2020\/06\/simone-schroeder-visuelle-kommunikation.png","contentUrl":"https:\/\/simoneschroeder.de\/mystuff\/wp-content\/uploads\/2020\/06\/simone-schroeder-visuelle-kommunikation.png","width":1253,"height":464,"caption":"Simone Schr\u00f6der"},"logo":{"@id":"https:\/\/simoneschroeder.de\/mystuff\/wp-content\/uploads\/2020\/06\/simone-schroeder-visuelle-kommunikation.png"},"sameAs":["https:\/\/simoneschroeder.de","https:\/\/www.instagram.com\/simoneschroeder\/"]}]}},"_links":{"self":[{"href":"https:\/\/simoneschroeder.de\/mystuff\/wp-json\/wp\/v2\/pages\/82634","targetHints":{"allow":["GET"]}}],"collection":[{"href":"https:\/\/simoneschroeder.de\/mystuff\/wp-json\/wp\/v2\/pages"}],"about":[{"href":"https:\/\/simoneschroeder.de\/mystuff\/wp-json\/wp\/v2\/types\/page"}],"author":[{"embeddable":true,"href":"https:\/\/simoneschroeder.de\/mystuff\/wp-json\/wp\/v2\/users\/1"}],"replies":[{"embeddable":true,"href":"https:\/\/simoneschroeder.de\/mystuff\/wp-json\/wp\/v2\/comments?post=82634"}],"version-history":[{"count":33,"href":"https:\/\/simoneschroeder.de\/mystuff\/wp-json\/wp\/v2\/pages\/82634\/revisions"}],"predecessor-version":[{"id":83927,"href":"https:\/\/simoneschroeder.de\/mystuff\/wp-json\/wp\/v2\/pages\/82634\/revisions\/83927"}],"wp:attachment":[{"href":"https:\/\/simoneschroeder.de\/mystuff\/wp-json\/wp\/v2\/media?parent=82634"}],"curies":[{"name":"wp","href":"https:\/\/api.w.org\/{rel}","templated":true}]}}