{"id":83243,"date":"2019-11-27T17:06:22","date_gmt":"2019-11-27T16:06:22","guid":{"rendered":"https:\/\/simoneschroeder.de\/mystuff\/?page_id=83243"},"modified":"2023-10-21T16:53:20","modified_gmt":"2023-10-21T14:53:20","slug":"fotografie-natur-reisen-menschen-momente","status":"publish","type":"page","link":"https:\/\/simoneschroeder.de\/mystuff\/fotografie-natur-reisen-menschen-momente\/","title":{"rendered":"Fotografie"},"content":{"rendered":"<div class=\"wpb-content-wrapper\"><p>[vc_row unlock_row_content=&#8220;yes&#8220; row_height_percent=&#8220;0&#8243; override_padding=&#8220;yes&#8220; h_padding=&#8220;2&#8243; top_padding=&#8220;0&#8243; bottom_padding=&#8220;2&#8243; overlay_alpha=&#8220;50&#8243; gutter_size=&#8220;3&#8243; column_width_percent=&#8220;100&#8243; shift_y=&#8220;-5&#8243; z_index=&#8220;0&#8243; uncode_shortcode_id=&#8220;640966&#8243;][vc_column column_width_percent=&#8220;100&#8243; gutter_size=&#8220;3&#8243; style=&#8220;light&#8220; overlay_alpha=&#8220;50&#8243; shift_x=&#8220;0&#8243; shift_y=&#8220;0&#8243; shift_y_down=&#8220;0&#8243; z_index=&#8220;0&#8243; medium_width=&#8220;0&#8243; mobile_width=&#8220;0&#8243; width=&#8220;1\/1&#8243; el_class=&#8220;overflow-hidden&#8220;][vc_row_inner row_inner_height_percent=&#8220;100&#8243; overlay_alpha=&#8220;50&#8243; equal_height=&#8220;yes&#8220; gutter_size=&#8220;0&#8243; shift_y=&#8220;-5&#8243; z_index=&#8220;0&#8243; limit_content=&#8220;&#8220; uncode_shortcode_id=&#8220;605044&#8243;][vc_column_inner column_width_percent=&#8220;100&#8243; position_vertical=&#8220;middle&#8220; gutter_size=&#8220;3&#8243; overlay_alpha=&#8220;50&#8243; shift_x=&#8220;0&#8243; shift_y=&#8220;0&#8243; shift_y_down=&#8220;0&#8243; z_index=&#8220;1&#8243; medium_visibility=&#8220;yes&#8220; medium_width=&#8220;0&#8243; mobile_visibility=&#8220;yes&#8220; mobile_width=&#8220;0&#8243; width=&#8220;5\/12&#8243;][\/vc_column_inner][vc_column_inner column_width_percent=&#8220;100&#8243; gutter_size=&#8220;3&#8243; override_padding=&#8220;yes&#8220; column_padding=&#8220;5&#8243; back_color=&#8220;color-lxmt&#8220; overlay_alpha=&#8220;50&#8243; shift_x=&#8220;0&#8243; shift_y=&#8220;0&#8243; shift_y_down=&#8220;0&#8243; z_index=&#8220;0&#8243; medium_width=&#8220;0&#8243; mobile_width=&#8220;0&#8243; width=&#8220;7\/12&#8243; uncode_shortcode_id=&#8220;148797&#8243; back_color_type=&#8220;uncode-palette&#8220;][vc_custom_heading text_color=&#8220;color-prif&#8220; heading_semantic=&#8220;p&#8220; text_size=&#8220;h4&#8243; text_weight=&#8220;200&#8243; text_height=&#8220;fontheight-357766&#8243; uncode_shortcode_id=&#8220;124953&#8243; text_color_type=&#8220;uncode-palette&#8220;]Die Welt ist mehr als nur eine Reise. Exotische L\u00e4nder, wundervolle Orte, atemberaubende Natur, fesselnde Augenblicke und faszinierende Menschen \u2013 all das sind Gelegenheiten, die kleinen und gro\u00dfen Dinge zu sehen und durch Fotografie f\u00fcr die Ewigkeit festzuhalten und zu erinnern.<\/p>\n<p>&nbsp;<\/p>\n<p>Mein Bilderbuch ist eine Sammlung von Erlebnissen, ein stetig wachsendes Archiv meiner Reisen, Begegnungen und Entdeckungen. Es ist nicht nur f\u00fcr mich, sondern auch f\u00fcr diejenigen, die gerne darin bl\u00e4ttern. Die Fotografie erm\u00f6glicht es mir, nicht nur die Welt um mich herum zu sehen, sondern auch in die Tiefen meiner eigenen Erinnerungen einzutauchen, wann immer ich es m\u00f6chte.<\/p>\n<p>&nbsp;<\/p>\n<p>Also, schaut gerne \u00f6fter vorbei, denn mein Bilderbuch wird sich nach und nach f\u00fcllen. Jede Seite erz\u00e4hlt eine Geschichte, und ich freue mich darauf, sie mit euch zu teilen. Die Fotografie ist meine Art, die Welt zu sehen, zu verstehen und zu lieben.<\/p>\n<p>&nbsp;<\/p>\n<p>Prints sind auf Anfrage erh\u00e4ltlich, damit die Sch\u00f6nheit und Bedeutung dieser Momente auch die W\u00e4nde anderer schm\u00fccken k\u00f6nnen.[\/vc_custom_heading][\/vc_column_inner][\/vc_row_inner][\/vc_column][\/vc_row][vc_row row_height_percent=&#8220;0&#8243; override_padding=&#8220;yes&#8220; h_padding=&#8220;0&#8243; top_padding=&#8220;0&#8243; bottom_padding=&#8220;0&#8243; overlay_alpha=&#8220;50&#8243; gutter_size=&#8220;3&#8243; column_width_percent=&#8220;100&#8243; shift_y=&#8220;0&#8243; z_index=&#8220;0&#8243;][vc_column column_width_percent=&#8220;100&#8243; gutter_size=&#8220;3&#8243; overlay_alpha=&#8220;50&#8243; shift_x=&#8220;0&#8243; shift_y=&#8220;-5&#8243; shift_y_down=&#8220;0&#8243; z_index=&#8220;0&#8243; medium_width=&#8220;0&#8243; mobile_width=&#8220;0&#8243; width=&#8220;5\/6&#8243;][uncode_index el_id=&#8220;index-964971&#8243; loop=&#8220;size:10|order_by:date|post_type:portfolio|by_id:83086,82885,82781,82766,82642,83815|taxonomy_count:10&#8243; screen_lg=&#8220;1000&#8243; screen_md=&#8220;600&#8243; screen_sm=&#8220;480&#8243; gutter_size=&#8220;3&#8243; portfolio_items=&#8220;title,media|featured|onpost|original,text|excerpt,category|nobg|relative|display-icon&#8220; single_text=&#8220;overlay&#8220; single_width=&#8220;6&#8243; images_size=&#8220;three-two&#8220; single_overlay_opacity=&#8220;50&#8243; single_h_align=&#8220;center&#8220; single_h_align_mobile=&#8220;center&#8220; single_padding=&#8220;2&#8243; single_title_dimension=&#8220;h4&#8243; single_title_weight=&#8220;300&#8243; single_border=&#8220;yes&#8220; single_css_animation=&#8220;bottom-t-top&#8220; custom_order=&#8220;yes&#8220; lbox_caption=&#8220;yes&#8220; lbox_social=&#8220;yes&#8220; single_icon=&#8220;fa fa-plus&#8220; order_ids=&#8220;82642,83086,83815,82781,82766,82885&#8243; uncode_shortcode_id=&#8220;172963&#8243;][\/vc_column][vc_column width=&#8220;1\/6&#8243;][\/vc_column][\/vc_row][vc_row][vc_column width=&#8220;1\/1&#8243;][\/vc_column][\/vc_row]<\/p>\n<\/div>","protected":false},"excerpt":{"rendered":"<p>[vc_row unlock_row_content=&#8220;yes&#8220; row_height_percent=&#8220;0&#8243; override_padding=&#8220;yes&#8220; h_padding=&#8220;2&#8243; top_padding=&#8220;0&#8243; bottom_padding=&#8220;2&#8243; overlay_alpha=&#8220;50&#8243; gutter_size=&#8220;3&#8243; column_width_percent=&#8220;100&#8243; shift_y=&#8220;-5&#8243; z_index=&#8220;0&#8243; uncode_shortcode_id=&#8220;640966&#8243;][vc_column column_width_percent=&#8220;100&#8243; gutter_size=&#8220;3&#8243; style=&#8220;light&#8220; overlay_alpha=&#8220;50&#8243; shift_x=&#8220;0&#8243; shift_y=&#8220;0&#8243; shift_y_down=&#8220;0&#8243; [&hellip;]<\/p>\n","protected":false},"author":1,"featured_media":82643,"parent":0,"menu_order":0,"comment_status":"closed","ping_status":"closed","template":"","meta":{"footnotes":""},"class_list":["post-83243","page","type-page","status-publish","has-post-thumbnail","hentry","page_category-portfolio"],"yoast_head":"<!-- This site is optimized with the Yoast SEO plugin v27.3 - https:\/\/yoast.com\/product\/yoast-seo-wordpress\/ -->\n<title>Fotografie &#8212; Simone Schr\u00f6der \u2013 Visuelle Kommunikation<\/title>\n<meta name=\"description\" content=\"Meine Fotografie ist inspiriert von Natur, Reisen, Menschen, kurzen Momenten und weiten Landschaften. Prints sind auf Anfrage erh\u00e4ltlich.\" \/>\n<meta name=\"robots\" content=\"index, follow, max-snippet:-1, max-image-preview:large, max-video-preview:-1\" \/>\n<link rel=\"canonical\" href=\"https:\/\/simoneschroeder.de\/mystuff\/fotografie-natur-reisen-menschen-momente\/\" \/>\n<meta property=\"og:locale\" content=\"de_DE\" \/>\n<meta property=\"og:type\" content=\"article\" \/>\n<meta property=\"og:title\" content=\"Fotografie &#8212; Simone Schr\u00f6der \u2013 Visuelle Kommunikation\" \/>\n<meta property=\"og:description\" content=\"Meine Fotografie ist inspiriert von Natur, Reisen, Menschen, kurzen Momenten und weiten Landschaften. Prints sind auf Anfrage erh\u00e4ltlich.\" \/>\n<meta property=\"og:url\" content=\"https:\/\/simoneschroeder.de\/mystuff\/fotografie-natur-reisen-menschen-momente\/\" \/>\n<meta property=\"og:site_name\" content=\"Simone Schr\u00f6der \u2013 Visuelle Kommunikation\" \/>\n<meta property=\"article:modified_time\" content=\"2023-10-21T14:53:20+00:00\" \/>\n<meta property=\"og:image\" content=\"https:\/\/simoneschroeder.de\/mystuff\/wp-content\/uploads\/2019\/10\/Iceland_2019_01.jpg\" \/>\n\t<meta property=\"og:image:width\" content=\"1920\" \/>\n\t<meta property=\"og:image:height\" content=\"1280\" \/>\n\t<meta property=\"og:image:type\" content=\"image\/jpeg\" \/>\n<meta name=\"twitter:card\" content=\"summary_large_image\" \/>\n<meta name=\"twitter:label1\" content=\"Gesch\u00e4tzte Lesezeit\" \/>\n\t<meta name=\"twitter:data1\" content=\"2\u00a0Minuten\" \/>\n<script type=\"application\/ld+json\" class=\"yoast-schema-graph\">{\"@context\":\"https:\\\/\\\/schema.org\",\"@graph\":[{\"@type\":\"WebPage\",\"@id\":\"https:\\\/\\\/simoneschroeder.de\\\/mystuff\\\/fotografie-natur-reisen-menschen-momente\\\/\",\"url\":\"https:\\\/\\\/simoneschroeder.de\\\/mystuff\\\/fotografie-natur-reisen-menschen-momente\\\/\",\"name\":\"Fotografie &#8212; Simone Schr\u00f6der \u2013 Visuelle Kommunikation\",\"isPartOf\":{\"@id\":\"https:\\\/\\\/simoneschroeder.de\\\/mystuff\\\/#website\"},\"primaryImageOfPage\":{\"@id\":\"https:\\\/\\\/simoneschroeder.de\\\/mystuff\\\/fotografie-natur-reisen-menschen-momente\\\/#primaryimage\"},\"image\":{\"@id\":\"https:\\\/\\\/simoneschroeder.de\\\/mystuff\\\/fotografie-natur-reisen-menschen-momente\\\/#primaryimage\"},\"thumbnailUrl\":\"https:\\\/\\\/simoneschroeder.de\\\/mystuff\\\/wp-content\\\/uploads\\\/2019\\\/10\\\/Iceland_2019_01.jpg\",\"datePublished\":\"2019-11-27T16:06:22+00:00\",\"dateModified\":\"2023-10-21T14:53:20+00:00\",\"description\":\"Meine Fotografie ist inspiriert von Natur, Reisen, Menschen, kurzen Momenten und weiten Landschaften. Prints sind auf Anfrage erh\u00e4ltlich.\",\"breadcrumb\":{\"@id\":\"https:\\\/\\\/simoneschroeder.de\\\/mystuff\\\/fotografie-natur-reisen-menschen-momente\\\/#breadcrumb\"},\"inLanguage\":\"de\",\"potentialAction\":[{\"@type\":\"ReadAction\",\"target\":[\"https:\\\/\\\/simoneschroeder.de\\\/mystuff\\\/fotografie-natur-reisen-menschen-momente\\\/\"]}]},{\"@type\":\"ImageObject\",\"inLanguage\":\"de\",\"@id\":\"https:\\\/\\\/simoneschroeder.de\\\/mystuff\\\/fotografie-natur-reisen-menschen-momente\\\/#primaryimage\",\"url\":\"https:\\\/\\\/simoneschroeder.de\\\/mystuff\\\/wp-content\\\/uploads\\\/2019\\\/10\\\/Iceland_2019_01.jpg\",\"contentUrl\":\"https:\\\/\\\/simoneschroeder.de\\\/mystuff\\\/wp-content\\\/uploads\\\/2019\\\/10\\\/Iceland_2019_01.jpg\",\"width\":1920,\"height\":1280,\"caption\":\"Reynisfjara - der schwarze Strand\"},{\"@type\":\"BreadcrumbList\",\"@id\":\"https:\\\/\\\/simoneschroeder.de\\\/mystuff\\\/fotografie-natur-reisen-menschen-momente\\\/#breadcrumb\",\"itemListElement\":[{\"@type\":\"ListItem\",\"position\":1,\"name\":\"Startseite\",\"item\":\"https:\\\/\\\/simoneschroeder.de\\\/mystuff\\\/\"},{\"@type\":\"ListItem\",\"position\":2,\"name\":\"Fotografie\"}]},{\"@type\":\"WebSite\",\"@id\":\"https:\\\/\\\/simoneschroeder.de\\\/mystuff\\\/#website\",\"url\":\"https:\\\/\\\/simoneschroeder.de\\\/mystuff\\\/\",\"name\":\"Simone Schr\u00f6der \u2013 Visuelle Kommunikation\",\"description\":\"B\u00fcro f\u00fcr visuelle Kommunikation \\\/ Corporate Design, Print und Webdesign\",\"publisher\":{\"@id\":\"https:\\\/\\\/simoneschroeder.de\\\/mystuff\\\/#\\\/schema\\\/person\\\/f61a5acbf2e00bb9117e0a9a446298cb\"},\"potentialAction\":[{\"@type\":\"SearchAction\",\"target\":{\"@type\":\"EntryPoint\",\"urlTemplate\":\"https:\\\/\\\/simoneschroeder.de\\\/mystuff\\\/?s={search_term_string}\"},\"query-input\":{\"@type\":\"PropertyValueSpecification\",\"valueRequired\":true,\"valueName\":\"search_term_string\"}}],\"inLanguage\":\"de\"},{\"@type\":[\"Person\",\"Organization\"],\"@id\":\"https:\\\/\\\/simoneschroeder.de\\\/mystuff\\\/#\\\/schema\\\/person\\\/f61a5acbf2e00bb9117e0a9a446298cb\",\"name\":\"Simone Schr\u00f6der\",\"image\":{\"@type\":\"ImageObject\",\"inLanguage\":\"de\",\"@id\":\"https:\\\/\\\/simoneschroeder.de\\\/mystuff\\\/wp-content\\\/uploads\\\/2020\\\/06\\\/simone-schroeder-visuelle-kommunikation.png\",\"url\":\"https:\\\/\\\/simoneschroeder.de\\\/mystuff\\\/wp-content\\\/uploads\\\/2020\\\/06\\\/simone-schroeder-visuelle-kommunikation.png\",\"contentUrl\":\"https:\\\/\\\/simoneschroeder.de\\\/mystuff\\\/wp-content\\\/uploads\\\/2020\\\/06\\\/simone-schroeder-visuelle-kommunikation.png\",\"width\":1253,\"height\":464,\"caption\":\"Simone Schr\u00f6der\"},\"logo\":{\"@id\":\"https:\\\/\\\/simoneschroeder.de\\\/mystuff\\\/wp-content\\\/uploads\\\/2020\\\/06\\\/simone-schroeder-visuelle-kommunikation.png\"},\"sameAs\":[\"https:\\\/\\\/simoneschroeder.de\",\"https:\\\/\\\/www.instagram.com\\\/simoneschroeder\\\/\"]}]}<\/script>\n<!-- \/ Yoast SEO plugin. -->","yoast_head_json":{"title":"Fotografie &#8212; Simone Schr\u00f6der \u2013 Visuelle Kommunikation","description":"Meine Fotografie ist inspiriert von Natur, Reisen, Menschen, kurzen Momenten und weiten Landschaften. Prints sind auf Anfrage erh\u00e4ltlich.","robots":{"index":"index","follow":"follow","max-snippet":"max-snippet:-1","max-image-preview":"max-image-preview:large","max-video-preview":"max-video-preview:-1"},"canonical":"https:\/\/simoneschroeder.de\/mystuff\/fotografie-natur-reisen-menschen-momente\/","og_locale":"de_DE","og_type":"article","og_title":"Fotografie &#8212; Simone Schr\u00f6der \u2013 Visuelle Kommunikation","og_description":"Meine Fotografie ist inspiriert von Natur, Reisen, Menschen, kurzen Momenten und weiten Landschaften. Prints sind auf Anfrage erh\u00e4ltlich.","og_url":"https:\/\/simoneschroeder.de\/mystuff\/fotografie-natur-reisen-menschen-momente\/","og_site_name":"Simone Schr\u00f6der \u2013 Visuelle Kommunikation","article_modified_time":"2023-10-21T14:53:20+00:00","og_image":[{"width":1920,"height":1280,"url":"https:\/\/simoneschroeder.de\/mystuff\/wp-content\/uploads\/2019\/10\/Iceland_2019_01.jpg","type":"image\/jpeg"}],"twitter_card":"summary_large_image","twitter_misc":{"Gesch\u00e4tzte Lesezeit":"2\u00a0Minuten"},"schema":{"@context":"https:\/\/schema.org","@graph":[{"@type":"WebPage","@id":"https:\/\/simoneschroeder.de\/mystuff\/fotografie-natur-reisen-menschen-momente\/","url":"https:\/\/simoneschroeder.de\/mystuff\/fotografie-natur-reisen-menschen-momente\/","name":"Fotografie &#8212; Simone Schr\u00f6der \u2013 Visuelle Kommunikation","isPartOf":{"@id":"https:\/\/simoneschroeder.de\/mystuff\/#website"},"primaryImageOfPage":{"@id":"https:\/\/simoneschroeder.de\/mystuff\/fotografie-natur-reisen-menschen-momente\/#primaryimage"},"image":{"@id":"https:\/\/simoneschroeder.de\/mystuff\/fotografie-natur-reisen-menschen-momente\/#primaryimage"},"thumbnailUrl":"https:\/\/simoneschroeder.de\/mystuff\/wp-content\/uploads\/2019\/10\/Iceland_2019_01.jpg","datePublished":"2019-11-27T16:06:22+00:00","dateModified":"2023-10-21T14:53:20+00:00","description":"Meine Fotografie ist inspiriert von Natur, Reisen, Menschen, kurzen Momenten und weiten Landschaften. Prints sind auf Anfrage erh\u00e4ltlich.","breadcrumb":{"@id":"https:\/\/simoneschroeder.de\/mystuff\/fotografie-natur-reisen-menschen-momente\/#breadcrumb"},"inLanguage":"de","potentialAction":[{"@type":"ReadAction","target":["https:\/\/simoneschroeder.de\/mystuff\/fotografie-natur-reisen-menschen-momente\/"]}]},{"@type":"ImageObject","inLanguage":"de","@id":"https:\/\/simoneschroeder.de\/mystuff\/fotografie-natur-reisen-menschen-momente\/#primaryimage","url":"https:\/\/simoneschroeder.de\/mystuff\/wp-content\/uploads\/2019\/10\/Iceland_2019_01.jpg","contentUrl":"https:\/\/simoneschroeder.de\/mystuff\/wp-content\/uploads\/2019\/10\/Iceland_2019_01.jpg","width":1920,"height":1280,"caption":"Reynisfjara - der schwarze Strand"},{"@type":"BreadcrumbList","@id":"https:\/\/simoneschroeder.de\/mystuff\/fotografie-natur-reisen-menschen-momente\/#breadcrumb","itemListElement":[{"@type":"ListItem","position":1,"name":"Startseite","item":"https:\/\/simoneschroeder.de\/mystuff\/"},{"@type":"ListItem","position":2,"name":"Fotografie"}]},{"@type":"WebSite","@id":"https:\/\/simoneschroeder.de\/mystuff\/#website","url":"https:\/\/simoneschroeder.de\/mystuff\/","name":"Simone Schr\u00f6der \u2013 Visuelle Kommunikation","description":"B\u00fcro f\u00fcr visuelle Kommunikation \/ Corporate Design, Print und Webdesign","publisher":{"@id":"https:\/\/simoneschroeder.de\/mystuff\/#\/schema\/person\/f61a5acbf2e00bb9117e0a9a446298cb"},"potentialAction":[{"@type":"SearchAction","target":{"@type":"EntryPoint","urlTemplate":"https:\/\/simoneschroeder.de\/mystuff\/?s={search_term_string}"},"query-input":{"@type":"PropertyValueSpecification","valueRequired":true,"valueName":"search_term_string"}}],"inLanguage":"de"},{"@type":["Person","Organization"],"@id":"https:\/\/simoneschroeder.de\/mystuff\/#\/schema\/person\/f61a5acbf2e00bb9117e0a9a446298cb","name":"Simone Schr\u00f6der","image":{"@type":"ImageObject","inLanguage":"de","@id":"https:\/\/simoneschroeder.de\/mystuff\/wp-content\/uploads\/2020\/06\/simone-schroeder-visuelle-kommunikation.png","url":"https:\/\/simoneschroeder.de\/mystuff\/wp-content\/uploads\/2020\/06\/simone-schroeder-visuelle-kommunikation.png","contentUrl":"https:\/\/simoneschroeder.de\/mystuff\/wp-content\/uploads\/2020\/06\/simone-schroeder-visuelle-kommunikation.png","width":1253,"height":464,"caption":"Simone Schr\u00f6der"},"logo":{"@id":"https:\/\/simoneschroeder.de\/mystuff\/wp-content\/uploads\/2020\/06\/simone-schroeder-visuelle-kommunikation.png"},"sameAs":["https:\/\/simoneschroeder.de","https:\/\/www.instagram.com\/simoneschroeder\/"]}]}},"_links":{"self":[{"href":"https:\/\/simoneschroeder.de\/mystuff\/wp-json\/wp\/v2\/pages\/83243","targetHints":{"allow":["GET"]}}],"collection":[{"href":"https:\/\/simoneschroeder.de\/mystuff\/wp-json\/wp\/v2\/pages"}],"about":[{"href":"https:\/\/simoneschroeder.de\/mystuff\/wp-json\/wp\/v2\/types\/page"}],"author":[{"embeddable":true,"href":"https:\/\/simoneschroeder.de\/mystuff\/wp-json\/wp\/v2\/users\/1"}],"replies":[{"embeddable":true,"href":"https:\/\/simoneschroeder.de\/mystuff\/wp-json\/wp\/v2\/comments?post=83243"}],"version-history":[{"count":15,"href":"https:\/\/simoneschroeder.de\/mystuff\/wp-json\/wp\/v2\/pages\/83243\/revisions"}],"predecessor-version":[{"id":84252,"href":"https:\/\/simoneschroeder.de\/mystuff\/wp-json\/wp\/v2\/pages\/83243\/revisions\/84252"}],"wp:featuredmedia":[{"embeddable":true,"href":"https:\/\/simoneschroeder.de\/mystuff\/wp-json\/wp\/v2\/media\/82643"}],"wp:attachment":[{"href":"https:\/\/simoneschroeder.de\/mystuff\/wp-json\/wp\/v2\/media?parent=83243"}],"curies":[{"name":"wp","href":"https:\/\/api.w.org\/{rel}","templated":true}]}}