{"id":83280,"date":"2019-11-27T19:04:48","date_gmt":"2019-11-27T18:04:48","guid":{"rendered":"https:\/\/simoneschroeder.de\/mystuff\/?page_id=83280"},"modified":"2023-10-21T15:56:44","modified_gmt":"2023-10-21T13:56:44","slug":"design","status":"publish","type":"page","link":"https:\/\/simoneschroeder.de\/mystuff\/design\/","title":{"rendered":"Design"},"content":{"rendered":"<div class=\"wpb-content-wrapper\"><p>[vc_row unlock_row_content=&#8220;yes&#8220; row_height_percent=&#8220;0&#8243; overlay_alpha=&#8220;50&#8243; equal_height=&#8220;yes&#8220; gutter_size=&#8220;4&#8243; column_width_percent=&#8220;100&#8243; shift_y=&#8220;-4&#8243; z_index=&#8220;0&#8243; uncode_shortcode_id=&#8220;975932&#8243;][vc_column column_width_percent=&#8220;100&#8243; gutter_size=&#8220;3&#8243; overlay_alpha=&#8220;50&#8243; shift_x=&#8220;0&#8243; shift_y=&#8220;0&#8243; shift_y_down=&#8220;5&#8243; z_index=&#8220;0&#8243; medium_width=&#8220;0&#8243; mobile_width=&#8220;0&#8243; width=&#8220;1\/1&#8243; uncode_shortcode_id=&#8220;142343&#8243;][vc_row_inner row_inner_height_percent=&#8220;100&#8243; force_width_grid=&#8220;yes&#8220; overlay_alpha=&#8220;50&#8243; equal_height=&#8220;yes&#8220; gutter_size=&#8220;0&#8243; shift_y=&#8220;4&#8243; z_index=&#8220;3&#8243; limit_content=&#8220;&#8220; uncode_shortcode_id=&#8220;202591&#8243;][vc_column_inner column_width_percent=&#8220;100&#8243; gutter_size=&#8220;3&#8243; overlay_alpha=&#8220;50&#8243; shift_x=&#8220;0&#8243; shift_y=&#8220;0&#8243; shift_y_down=&#8220;0&#8243; z_index=&#8220;1&#8243; medium_visibility=&#8220;yes&#8220; medium_width=&#8220;0&#8243; mobile_visibility=&#8220;yes&#8220; mobile_width=&#8220;0&#8243; width=&#8220;5\/12&#8243; uncode_shortcode_id=&#8220;177110&#8243;][\/vc_column_inner][vc_column_inner column_width_percent=&#8220;100&#8243; gutter_size=&#8220;3&#8243; back_color=&#8220;color-lxmt&#8220; overlay_alpha=&#8220;50&#8243; shift_x=&#8220;0&#8243; shift_y=&#8220;0&#8243; shift_y_down=&#8220;-4&#8243; z_index=&#8220;1&#8243; medium_width=&#8220;0&#8243; mobile_width=&#8220;0&#8243; width=&#8220;7\/12&#8243; uncode_shortcode_id=&#8220;765622&#8243; back_color_type=&#8220;uncode-palette&#8220;][vc_empty_space empty_h=&#8220;2&#8243; desktop_visibility=&#8220;yes&#8220;][vc_custom_heading text_color=&#8220;color-194888&#8243; text_size=&#8220;fontsize-338686&#8243; text_height=&#8220;fontheight-179065&#8243; text_space=&#8220;fontspace-781688&#8243; uncode_shortcode_id=&#8220;447583&#8243; text_color_type=&#8220;uncode-palette&#8220;]Design[\/vc_custom_heading][vc_separator sep_color=&#8220;color-194888&#8243; el_height=&#8220;8px&#8220;][vc_custom_heading text_color=&#8220;color-prif&#8220; heading_semantic=&#8220;p&#8220; text_size=&#8220;h4&#8243; text_weight=&#8220;300&#8243; text_height=&#8220;fontheight-357766&#8243; uncode_shortcode_id=&#8220;107391&#8243; text_color_type=&#8220;uncode-palette&#8220;]Visuellen Ausdruck f\u00fcr Visionen finden, sie regelrecht zum Leben erwecken \u2013 das ist f\u00fcr mich der Kern von Design. F\u00fcr mich ist gutes Design mehr als die geschickte Kombination von Farben und Formen; es ist der Schl\u00fcssel, um Ihre Kunden f\u00fchlen zu lassen, wof\u00fcr Sie und Ihr Unternehmen stehen. Die Energie und Wirkung, die durch durchdachtes Design mit Herz und einem ganzheitlichen Ansatz entstehen, faszinieren mich.<\/p>\n<p>&nbsp;<\/p>\n<p>Um einen kraftvollen Au\u00dfenauftritt f\u00fcr meine Kunden zu gestalten, greife ich auf mein Netzwerk von einfallsreichen Textern, kreativen Fotografen und erfahrenen Programmierern zur\u00fcck. Zusammen hauchen wir Ihrer Botschaften Leben ein und visualisieren, was Sie in die Welt tragen m\u00f6chten. Einige meiner Arbeiten kurz vorgestellt &#8230;[\/vc_custom_heading][\/vc_column_inner][\/vc_row_inner][\/vc_column][\/vc_row][vc_row row_height_percent=&#8220;0&#8243; override_padding=&#8220;yes&#8220; h_padding=&#8220;0&#8243; top_padding=&#8220;0&#8243; bottom_padding=&#8220;0&#8243; overlay_alpha=&#8220;50&#8243; gutter_size=&#8220;3&#8243; column_width_percent=&#8220;100&#8243; shift_y=&#8220;5&#8243; z_index=&#8220;0&#8243; uncode_shortcode_id=&#8220;130704&#8243;][vc_column column_width_percent=&#8220;100&#8243; gutter_size=&#8220;3&#8243; overlay_alpha=&#8220;50&#8243; shift_x=&#8220;0&#8243; shift_y=&#8220;-5&#8243; shift_y_down=&#8220;0&#8243; z_index=&#8220;0&#8243; medium_width=&#8220;0&#8243; mobile_width=&#8220;0&#8243; width=&#8220;5\/6&#8243;][uncode_index el_id=&#8220;index-964971&#8243; loop=&#8220;size:16|order_by:date|post_type:page,portfolio|by_id:84068,83157,83148,82957,82943,82933,82847,82759,82750,82741,82736,82700,82694|taxonomy_count:10&#8243; screen_lg=&#8220;1000&#8243; screen_md=&#8220;600&#8243; screen_sm=&#8220;480&#8243; gutter_size=&#8220;3&#8243; page_items=&#8220;title,media|featured|onpost|original&#8220; portfolio_items=&#8220;title,media|featured|onpost|original&#8220; single_text=&#8220;overlay&#8220; single_width=&#8220;6&#8243; images_size=&#8220;three-two&#8220; single_overlay_opacity=&#8220;50&#8243; single_h_align=&#8220;center&#8220; single_h_align_mobile=&#8220;center&#8220; single_padding=&#8220;2&#8243; single_title_dimension=&#8220;h4&#8243; single_title_weight=&#8220;300&#8243; single_border=&#8220;yes&#8220; single_css_animation=&#8220;bottom-t-top&#8220; custom_order=&#8220;yes&#8220; single_icon=&#8220;fa fa-plus&#8220; order_ids=&#8220;82700,84068,82694,82736,82957,82847,82741,82750,83148,82759,83157,82933,82943&#8243; uncode_shortcode_id=&#8220;146452&#8243; items=&#8220;eyI4MjcwMF9pIjp7InNpbmdsZV9saW5rIjoidXJsOmh0dHBzJTNBJTJGJTJGc2ltb25lc2Nocm9lZGVyLmRlJTJGbXlzdHVmZiUyRnBvcnRmb2xpbyUyRnByYXhpcy1mdWVyLWdhbnpoZWl0bGljaGUtbWVkaXppbiUyRnx0aXRsZTpQcmF4aXMlMjBmJUMzJUJDciUyMEdhbnpoZWl0bGljaGUlMjBNZWRpemluIn19&#8243;][\/vc_column][vc_column width=&#8220;1\/6&#8243;][\/vc_column][\/vc_row][vc_row row_height_percent=&#8220;0&#8243; override_padding=&#8220;yes&#8220; h_padding=&#8220;2&#8243; top_padding=&#8220;0&#8243; bottom_padding=&#8220;2&#8243; overlay_alpha=&#8220;50&#8243; gutter_size=&#8220;3&#8243; column_width_percent=&#8220;100&#8243; shift_y=&#8220;-5&#8243; z_index=&#8220;0&#8243; uncode_shortcode_id=&#8220;121814&#8243;][vc_column width=&#8220;1\/2&#8243;][\/vc_column][vc_column column_width_percent=&#8220;100&#8243; gutter_size=&#8220;1&#8243; overlay_alpha=&#8220;50&#8243; shift_x=&#8220;0&#8243; shift_y=&#8220;-5&#8243; shift_y_down=&#8220;5&#8243; z_index=&#8220;0&#8243; medium_width=&#8220;0&#8243; mobile_width=&#8220;0&#8243; width=&#8220;1\/2&#8243; uncode_shortcode_id=&#8220;661494&#8243;][vc_custom_heading text_color=&#8220;color-prif&#8220; heading_semantic=&#8220;p&#8220; text_size=&#8220;h4&#8243; text_weight=&#8220;300&#8243; text_height=&#8220;fontheight-357766&#8243; uncode_shortcode_id=&#8220;157620&#8243; text_color_type=&#8220;uncode-palette&#8220;]Als Grafikdesignerin m\u00f6chte ich Unternehmen und Selbstst\u00e4ndigen dabei helfen, ihre Besonderheit durch ansprechendes und kreatives Design zum Ausdruck zu bringen.<\/p>\n<p>[\/vc_custom_heading][vc_custom_heading text_color=&#8220;color-prif&#8220; heading_semantic=&#8220;p&#8220; text_size=&#8220;h4&#8243; text_weight=&#8220;300&#8243; text_height=&#8220;fontheight-357766&#8243; uncode_shortcode_id=&#8220;669855&#8243; text_color_type=&#8220;uncode-palette&#8220;]<\/p>\n<h4>Mein Ziel?<\/h4>\n<p>[\/vc_custom_heading][vc_custom_heading text_color=&#8220;color-prif&#8220; heading_semantic=&#8220;p&#8220; text_size=&#8220;h4&#8243; text_weight=&#8220;300&#8243; text_height=&#8220;fontheight-357766&#8243; uncode_shortcode_id=&#8220;840615&#8243; text_color_type=&#8220;uncode-palette&#8220;]Nicht nur das Vertrauen Ihrer Kunden zu st\u00e4rken, sondern auch eine \u00fcberzeugende Pr\u00e4senz zu kreieren, die Ihre Geschichte authentisch erz\u00e4hlt.[\/vc_custom_heading][\/vc_column][\/vc_row]<\/p>\n<\/div>","protected":false},"excerpt":{"rendered":"<p>[vc_row unlock_row_content=&#8220;yes&#8220; row_height_percent=&#8220;0&#8243; overlay_alpha=&#8220;50&#8243; equal_height=&#8220;yes&#8220; gutter_size=&#8220;4&#8243; column_width_percent=&#8220;100&#8243; shift_y=&#8220;-4&#8243; z_index=&#8220;0&#8243; uncode_shortcode_id=&#8220;975932&#8243;][vc_column column_width_percent=&#8220;100&#8243; gutter_size=&#8220;3&#8243; overlay_alpha=&#8220;50&#8243; shift_x=&#8220;0&#8243; shift_y=&#8220;0&#8243; shift_y_down=&#8220;5&#8243; z_index=&#8220;0&#8243; medium_width=&#8220;0&#8243; mobile_width=&#8220;0&#8243; width=&#8220;1\/1&#8243; [&hellip;]<\/p>\n","protected":false},"author":1,"featured_media":84078,"parent":0,"menu_order":0,"comment_status":"closed","ping_status":"closed","template":"","meta":{"footnotes":""},"class_list":["post-83280","page","type-page","status-publish","has-post-thumbnail","hentry","page_category-portfolio"],"yoast_head":"<!-- This site is optimized with the Yoast SEO plugin v27.3 - https:\/\/yoast.com\/product\/yoast-seo-wordpress\/ -->\n<title>Design &#8212; Simone Schr\u00f6der \u2013 Visuelle Kommunikation<\/title>\n<meta name=\"description\" content=\"Kommunikationsdesign, Corporate- und Grafik-Design, Web Design, Branding, Visuelle Identit\u00e4t, , Redesign, Logo,\" \/>\n<meta name=\"robots\" content=\"index, follow, max-snippet:-1, max-image-preview:large, max-video-preview:-1\" \/>\n<link rel=\"canonical\" href=\"https:\/\/simoneschroeder.de\/mystuff\/design\/\" \/>\n<meta property=\"og:locale\" content=\"de_DE\" \/>\n<meta property=\"og:type\" content=\"article\" \/>\n<meta property=\"og:title\" content=\"Design &#8212; Simone Schr\u00f6der \u2013 Visuelle Kommunikation\" \/>\n<meta property=\"og:description\" content=\"Kommunikationsdesign, Corporate- und Grafik-Design, Web Design, Branding, Visuelle Identit\u00e4t, , Redesign, Logo,\" \/>\n<meta property=\"og:url\" content=\"https:\/\/simoneschroeder.de\/mystuff\/design\/\" \/>\n<meta property=\"og:site_name\" content=\"Simone Schr\u00f6der \u2013 Visuelle Kommunikation\" \/>\n<meta property=\"article:modified_time\" content=\"2023-10-21T13:56:44+00:00\" \/>\n<meta property=\"og:image\" content=\"https:\/\/simoneschroeder.de\/mystuff\/wp-content\/uploads\/2023\/09\/Dani-Geschaeftspapiere_2023.jpg\" \/>\n\t<meta property=\"og:image:width\" content=\"1537\" \/>\n\t<meta property=\"og:image:height\" content=\"988\" \/>\n\t<meta property=\"og:image:type\" content=\"image\/jpeg\" \/>\n<meta name=\"twitter:card\" content=\"summary_large_image\" \/>\n<meta name=\"twitter:label1\" content=\"Gesch\u00e4tzte Lesezeit\" \/>\n\t<meta name=\"twitter:data1\" content=\"2\u00a0Minuten\" \/>\n<script type=\"application\/ld+json\" class=\"yoast-schema-graph\">{\"@context\":\"https:\\\/\\\/schema.org\",\"@graph\":[{\"@type\":\"WebPage\",\"@id\":\"https:\\\/\\\/simoneschroeder.de\\\/mystuff\\\/design\\\/\",\"url\":\"https:\\\/\\\/simoneschroeder.de\\\/mystuff\\\/design\\\/\",\"name\":\"Design &#8212; Simone Schr\u00f6der \u2013 Visuelle Kommunikation\",\"isPartOf\":{\"@id\":\"https:\\\/\\\/simoneschroeder.de\\\/mystuff\\\/#website\"},\"primaryImageOfPage\":{\"@id\":\"https:\\\/\\\/simoneschroeder.de\\\/mystuff\\\/design\\\/#primaryimage\"},\"image\":{\"@id\":\"https:\\\/\\\/simoneschroeder.de\\\/mystuff\\\/design\\\/#primaryimage\"},\"thumbnailUrl\":\"https:\\\/\\\/simoneschroeder.de\\\/mystuff\\\/wp-content\\\/uploads\\\/2023\\\/09\\\/Dani-Geschaeftspapiere_2023.jpg\",\"datePublished\":\"2019-11-27T18:04:48+00:00\",\"dateModified\":\"2023-10-21T13:56:44+00:00\",\"description\":\"Kommunikationsdesign, Corporate- und Grafik-Design, Web Design, Branding, Visuelle Identit\u00e4t, , Redesign, Logo,\",\"breadcrumb\":{\"@id\":\"https:\\\/\\\/simoneschroeder.de\\\/mystuff\\\/design\\\/#breadcrumb\"},\"inLanguage\":\"de\",\"potentialAction\":[{\"@type\":\"ReadAction\",\"target\":[\"https:\\\/\\\/simoneschroeder.de\\\/mystuff\\\/design\\\/\"]}]},{\"@type\":\"ImageObject\",\"inLanguage\":\"de\",\"@id\":\"https:\\\/\\\/simoneschroeder.de\\\/mystuff\\\/design\\\/#primaryimage\",\"url\":\"https:\\\/\\\/simoneschroeder.de\\\/mystuff\\\/wp-content\\\/uploads\\\/2023\\\/09\\\/Dani-Geschaeftspapiere_2023.jpg\",\"contentUrl\":\"https:\\\/\\\/simoneschroeder.de\\\/mystuff\\\/wp-content\\\/uploads\\\/2023\\\/09\\\/Dani-Geschaeftspapiere_2023.jpg\",\"width\":1537,\"height\":988,\"caption\":\"Daniela Meckies Heilpraktikerin Brand Design\"},{\"@type\":\"BreadcrumbList\",\"@id\":\"https:\\\/\\\/simoneschroeder.de\\\/mystuff\\\/design\\\/#breadcrumb\",\"itemListElement\":[{\"@type\":\"ListItem\",\"position\":1,\"name\":\"Startseite\",\"item\":\"https:\\\/\\\/simoneschroeder.de\\\/mystuff\\\/\"},{\"@type\":\"ListItem\",\"position\":2,\"name\":\"Design\"}]},{\"@type\":\"WebSite\",\"@id\":\"https:\\\/\\\/simoneschroeder.de\\\/mystuff\\\/#website\",\"url\":\"https:\\\/\\\/simoneschroeder.de\\\/mystuff\\\/\",\"name\":\"Simone Schr\u00f6der \u2013 Visuelle Kommunikation\",\"description\":\"B\u00fcro f\u00fcr visuelle Kommunikation \\\/ Corporate Design, Print und Webdesign\",\"publisher\":{\"@id\":\"https:\\\/\\\/simoneschroeder.de\\\/mystuff\\\/#\\\/schema\\\/person\\\/f61a5acbf2e00bb9117e0a9a446298cb\"},\"potentialAction\":[{\"@type\":\"SearchAction\",\"target\":{\"@type\":\"EntryPoint\",\"urlTemplate\":\"https:\\\/\\\/simoneschroeder.de\\\/mystuff\\\/?s={search_term_string}\"},\"query-input\":{\"@type\":\"PropertyValueSpecification\",\"valueRequired\":true,\"valueName\":\"search_term_string\"}}],\"inLanguage\":\"de\"},{\"@type\":[\"Person\",\"Organization\"],\"@id\":\"https:\\\/\\\/simoneschroeder.de\\\/mystuff\\\/#\\\/schema\\\/person\\\/f61a5acbf2e00bb9117e0a9a446298cb\",\"name\":\"Simone Schr\u00f6der\",\"image\":{\"@type\":\"ImageObject\",\"inLanguage\":\"de\",\"@id\":\"https:\\\/\\\/simoneschroeder.de\\\/mystuff\\\/wp-content\\\/uploads\\\/2020\\\/06\\\/simone-schroeder-visuelle-kommunikation.png\",\"url\":\"https:\\\/\\\/simoneschroeder.de\\\/mystuff\\\/wp-content\\\/uploads\\\/2020\\\/06\\\/simone-schroeder-visuelle-kommunikation.png\",\"contentUrl\":\"https:\\\/\\\/simoneschroeder.de\\\/mystuff\\\/wp-content\\\/uploads\\\/2020\\\/06\\\/simone-schroeder-visuelle-kommunikation.png\",\"width\":1253,\"height\":464,\"caption\":\"Simone Schr\u00f6der\"},\"logo\":{\"@id\":\"https:\\\/\\\/simoneschroeder.de\\\/mystuff\\\/wp-content\\\/uploads\\\/2020\\\/06\\\/simone-schroeder-visuelle-kommunikation.png\"},\"sameAs\":[\"https:\\\/\\\/simoneschroeder.de\",\"https:\\\/\\\/www.instagram.com\\\/simoneschroeder\\\/\"]}]}<\/script>\n<!-- \/ Yoast SEO plugin. -->","yoast_head_json":{"title":"Design &#8212; Simone Schr\u00f6der \u2013 Visuelle Kommunikation","description":"Kommunikationsdesign, Corporate- und Grafik-Design, Web Design, Branding, Visuelle Identit\u00e4t, , Redesign, Logo,","robots":{"index":"index","follow":"follow","max-snippet":"max-snippet:-1","max-image-preview":"max-image-preview:large","max-video-preview":"max-video-preview:-1"},"canonical":"https:\/\/simoneschroeder.de\/mystuff\/design\/","og_locale":"de_DE","og_type":"article","og_title":"Design &#8212; Simone Schr\u00f6der \u2013 Visuelle Kommunikation","og_description":"Kommunikationsdesign, Corporate- und Grafik-Design, Web Design, Branding, Visuelle Identit\u00e4t, , Redesign, Logo,","og_url":"https:\/\/simoneschroeder.de\/mystuff\/design\/","og_site_name":"Simone Schr\u00f6der \u2013 Visuelle Kommunikation","article_modified_time":"2023-10-21T13:56:44+00:00","og_image":[{"width":1537,"height":988,"url":"https:\/\/simoneschroeder.de\/mystuff\/wp-content\/uploads\/2023\/09\/Dani-Geschaeftspapiere_2023.jpg","type":"image\/jpeg"}],"twitter_card":"summary_large_image","twitter_misc":{"Gesch\u00e4tzte Lesezeit":"2\u00a0Minuten"},"schema":{"@context":"https:\/\/schema.org","@graph":[{"@type":"WebPage","@id":"https:\/\/simoneschroeder.de\/mystuff\/design\/","url":"https:\/\/simoneschroeder.de\/mystuff\/design\/","name":"Design &#8212; Simone Schr\u00f6der \u2013 Visuelle Kommunikation","isPartOf":{"@id":"https:\/\/simoneschroeder.de\/mystuff\/#website"},"primaryImageOfPage":{"@id":"https:\/\/simoneschroeder.de\/mystuff\/design\/#primaryimage"},"image":{"@id":"https:\/\/simoneschroeder.de\/mystuff\/design\/#primaryimage"},"thumbnailUrl":"https:\/\/simoneschroeder.de\/mystuff\/wp-content\/uploads\/2023\/09\/Dani-Geschaeftspapiere_2023.jpg","datePublished":"2019-11-27T18:04:48+00:00","dateModified":"2023-10-21T13:56:44+00:00","description":"Kommunikationsdesign, Corporate- und Grafik-Design, Web Design, Branding, Visuelle Identit\u00e4t, , Redesign, Logo,","breadcrumb":{"@id":"https:\/\/simoneschroeder.de\/mystuff\/design\/#breadcrumb"},"inLanguage":"de","potentialAction":[{"@type":"ReadAction","target":["https:\/\/simoneschroeder.de\/mystuff\/design\/"]}]},{"@type":"ImageObject","inLanguage":"de","@id":"https:\/\/simoneschroeder.de\/mystuff\/design\/#primaryimage","url":"https:\/\/simoneschroeder.de\/mystuff\/wp-content\/uploads\/2023\/09\/Dani-Geschaeftspapiere_2023.jpg","contentUrl":"https:\/\/simoneschroeder.de\/mystuff\/wp-content\/uploads\/2023\/09\/Dani-Geschaeftspapiere_2023.jpg","width":1537,"height":988,"caption":"Daniela Meckies Heilpraktikerin Brand Design"},{"@type":"BreadcrumbList","@id":"https:\/\/simoneschroeder.de\/mystuff\/design\/#breadcrumb","itemListElement":[{"@type":"ListItem","position":1,"name":"Startseite","item":"https:\/\/simoneschroeder.de\/mystuff\/"},{"@type":"ListItem","position":2,"name":"Design"}]},{"@type":"WebSite","@id":"https:\/\/simoneschroeder.de\/mystuff\/#website","url":"https:\/\/simoneschroeder.de\/mystuff\/","name":"Simone Schr\u00f6der \u2013 Visuelle Kommunikation","description":"B\u00fcro f\u00fcr visuelle Kommunikation \/ Corporate Design, Print und Webdesign","publisher":{"@id":"https:\/\/simoneschroeder.de\/mystuff\/#\/schema\/person\/f61a5acbf2e00bb9117e0a9a446298cb"},"potentialAction":[{"@type":"SearchAction","target":{"@type":"EntryPoint","urlTemplate":"https:\/\/simoneschroeder.de\/mystuff\/?s={search_term_string}"},"query-input":{"@type":"PropertyValueSpecification","valueRequired":true,"valueName":"search_term_string"}}],"inLanguage":"de"},{"@type":["Person","Organization"],"@id":"https:\/\/simoneschroeder.de\/mystuff\/#\/schema\/person\/f61a5acbf2e00bb9117e0a9a446298cb","name":"Simone Schr\u00f6der","image":{"@type":"ImageObject","inLanguage":"de","@id":"https:\/\/simoneschroeder.de\/mystuff\/wp-content\/uploads\/2020\/06\/simone-schroeder-visuelle-kommunikation.png","url":"https:\/\/simoneschroeder.de\/mystuff\/wp-content\/uploads\/2020\/06\/simone-schroeder-visuelle-kommunikation.png","contentUrl":"https:\/\/simoneschroeder.de\/mystuff\/wp-content\/uploads\/2020\/06\/simone-schroeder-visuelle-kommunikation.png","width":1253,"height":464,"caption":"Simone Schr\u00f6der"},"logo":{"@id":"https:\/\/simoneschroeder.de\/mystuff\/wp-content\/uploads\/2020\/06\/simone-schroeder-visuelle-kommunikation.png"},"sameAs":["https:\/\/simoneschroeder.de","https:\/\/www.instagram.com\/simoneschroeder\/"]}]}},"_links":{"self":[{"href":"https:\/\/simoneschroeder.de\/mystuff\/wp-json\/wp\/v2\/pages\/83280","targetHints":{"allow":["GET"]}}],"collection":[{"href":"https:\/\/simoneschroeder.de\/mystuff\/wp-json\/wp\/v2\/pages"}],"about":[{"href":"https:\/\/simoneschroeder.de\/mystuff\/wp-json\/wp\/v2\/types\/page"}],"author":[{"embeddable":true,"href":"https:\/\/simoneschroeder.de\/mystuff\/wp-json\/wp\/v2\/users\/1"}],"replies":[{"embeddable":true,"href":"https:\/\/simoneschroeder.de\/mystuff\/wp-json\/wp\/v2\/comments?post=83280"}],"version-history":[{"count":21,"href":"https:\/\/simoneschroeder.de\/mystuff\/wp-json\/wp\/v2\/pages\/83280\/revisions"}],"predecessor-version":[{"id":84243,"href":"https:\/\/simoneschroeder.de\/mystuff\/wp-json\/wp\/v2\/pages\/83280\/revisions\/84243"}],"wp:featuredmedia":[{"embeddable":true,"href":"https:\/\/simoneschroeder.de\/mystuff\/wp-json\/wp\/v2\/media\/84078"}],"wp:attachment":[{"href":"https:\/\/simoneschroeder.de\/mystuff\/wp-json\/wp\/v2\/media?parent=83280"}],"curies":[{"name":"wp","href":"https:\/\/api.w.org\/{rel}","templated":true}]}}