{"id":83367,"date":"2019-11-28T11:54:20","date_gmt":"2019-11-28T10:54:20","guid":{"rendered":"https:\/\/simoneschroeder.de\/mystuff\/?page_id=83367"},"modified":"2019-11-28T12:20:30","modified_gmt":"2019-11-28T11:20:30","slug":"impressum","status":"publish","type":"page","link":"https:\/\/simoneschroeder.de\/mystuff\/impressum\/","title":{"rendered":"Impressum"},"content":{"rendered":"<div class=\"wpb-content-wrapper\"><p>[vc_row][vc_column width=&#8220;1\/1&#8243;][vc_custom_heading text_color=&#8220;color-194888&#8243;]Impressum[\/vc_custom_heading][vc_column_text]<strong>Verantwortlich f\u00fcr den Inhalt<\/strong><\/p>\n<p>Simone Schr\u00f6der<br \/>\nC\/o Heikonaut<br \/>\nSewanstra\u00dfe 122,<br \/>\n10319 Berlin<\/p>\n<p>T\u00a0 +49\u2002178\u20025437260<br \/>\ne-Mail: simone@schroederdesign.com<br \/>\nWebsite: www.simoneschroeder.de<\/p>\n<p>Umsatzsteuer-Identifikationsnummer gem\u00e4\u00df \u00a727 a Umsatzsteuergesetz:<br \/>\nUSt-IdNr. DE 248940213<\/p>\n<p><strong>Disclaimer<\/strong><\/p>\n<p><strong>Haftung f\u00fcr Inhalte<\/strong><\/p>\n<p>Als Diensteanbieter bin ich\u00a0gem\u00e4\u00df \u00a7 7 Abs.1 TMG f\u00fcr eigene Inhalte auf diesen Seiten nach den allgemeinen Gesetzen verantwortlich. Nach \u00a7\u00a7 8 bis 10 TMG bin ich\u00a0als Diensteanbieter jedoch nicht verpflichtet, \u00fcbermittelte oder gespeicherte fremde Informationen zu \u00fcberwachen oder nach Umst\u00e4nden zu forschen, die auf eine rechtswidrige T\u00e4tigkeit hinweisen.<\/p>\n<p>Verpflichtungen zur Entfernung oder Sperrung der Nutzung von Informationen nach den allgemeinen Gesetzen bleiben hiervon unber\u00fchrt. Eine diesbez\u00fcgliche Haftung ist jedoch erst ab dem Zeitpunkt der Kenntnis einer konkreten Rechtsverletzung m\u00f6glich. Bei Bekanntwerden von entsprechenden Rechtsverletzungen werde ich\u00a0diese Inhalte umgehend entfernen.<\/p>\n<p><strong>Haftung f\u00fcr Links<\/strong><\/p>\n<p>Mein\u00a0Angebot enth\u00e4lt Links zu externen Webseiten Dritter, auf deren Inhalte ich\u00a0keinen Einfluss habe. Deshalb kann\u00a0ich f\u00fcr diese fremden Inhalte auch keine Gew\u00e4hr \u00fcbernehmen. F\u00fcr die Inhalte der verlinkten Seiten ist stets der jeweilige Anbieter oder Betreiber der Seiten verantwortlich. Die verlinkten Seiten wurden zum Zeitpunkt der Verlinkung auf m\u00f6gliche Rechtsverst\u00f6\u00dfe \u00fcberpr\u00fcft. Rechtswidrige Inhalte waren zum Zeitpunkt der Verlinkung nicht erkennbar.<\/p>\n<p>Eine permanente inhaltliche Kontrolle der verlinkten Seiten ist jedoch ohne konkrete Anhaltspunkte einer Rechtsverletzung nicht zumutbar. Bei Bekanntwerden von Rechtsverletzungen werde ich\u00a0derartige Links umgehend entfernen.<\/p>\n<p><strong>Urheberrecht<\/strong><\/p>\n<p>Die durch mich\u00a0erstellten Inhalte und Werke auf diesen Seiten unterliegen dem deutschen Urheberrecht. Die Vervielf\u00e4ltigung, Bearbeitung, Verbreitung und jede Art der Verwertung au\u00dferhalb der Grenzen des Urheberrechtes bed\u00fcrfen meiner\u00a0schriftlichen Zustimmung. Downloads und Kopien dieser Seite sind nur f\u00fcr den privaten, nicht kommerziellen Gebrauch gestattet.<\/p>\n<p>Soweit die Inhalte auf dieser Seite nicht von mir\u00a0erstellt wurden, werden die Urheberrechte Dritter beachtet. Insbesondere werden Inhalte Dritter als solche gekennzeichnet. Sollten Sie trotzdem auf eine Urheberrechtsverletzung aufmerksam werden, bitte ich\u00a0um einen entsprechenden Hinweis. Bei Bekanntwerden von Rechtsverletzungen werde ich\u00a0derartige Inhalte umgehend entfernen.<\/p>\n<p>Quellverweis: eRecht24[\/vc_column_text][\/vc_column][\/vc_row]<\/p>\n<\/div>","protected":false},"excerpt":{"rendered":"<p>[vc_row][vc_column width=&#8220;1\/1&#8243;][vc_custom_heading text_color=&#8220;color-194888&#8243;]Impressum[\/vc_custom_heading][vc_column_text]Verantwortlich f\u00fcr den Inhalt Simone Schr\u00f6der C\/o Heikonaut Sewanstra\u00dfe 122, 10319 Berlin T\u00a0 +49\u2002178\u20025437260 e-Mail: simone@schroederdesign.com Website: www.simoneschroeder.de [&hellip;]<\/p>\n","protected":false},"author":1,"featured_media":0,"parent":0,"menu_order":0,"comment_status":"closed","ping_status":"closed","template":"","meta":{"footnotes":""},"class_list":["post-83367","page","type-page","status-publish","hentry"],"yoast_head":"<!-- This site is optimized with the Yoast SEO plugin v27.3 - https:\/\/yoast.com\/product\/yoast-seo-wordpress\/ -->\n<title>Impressum &#8212; Simone Schr\u00f6der \u2013 Visuelle Kommunikation<\/title>\n<meta name=\"description\" content=\"Grafik- und Web-Designerin aus Berlin. Ich unterst\u00fctze Unternehmen, Selbstst\u00e4ndige und Freiberufler, aus allen Branchen, in ihrer visuellen Kommunikation. Ich berate, gestalte, koordiniere und realisiere. Einzeln oder im Team. Offline und online.\" \/>\n<meta name=\"robots\" content=\"index, follow, max-snippet:-1, max-image-preview:large, max-video-preview:-1\" \/>\n<link rel=\"canonical\" href=\"https:\/\/simoneschroeder.de\/mystuff\/impressum\/\" \/>\n<meta property=\"og:locale\" content=\"de_DE\" \/>\n<meta property=\"og:type\" content=\"article\" \/>\n<meta property=\"og:title\" content=\"Impressum &#8212; Simone Schr\u00f6der \u2013 Visuelle Kommunikation\" \/>\n<meta property=\"og:description\" content=\"Grafik- und Web-Designerin aus Berlin. Ich unterst\u00fctze Unternehmen, Selbstst\u00e4ndige und Freiberufler, aus allen Branchen, in ihrer visuellen Kommunikation. Ich berate, gestalte, koordiniere und realisiere. Einzeln oder im Team. Offline und online.\" \/>\n<meta property=\"og:url\" content=\"https:\/\/simoneschroeder.de\/mystuff\/impressum\/\" \/>\n<meta property=\"og:site_name\" content=\"Simone Schr\u00f6der \u2013 Visuelle Kommunikation\" \/>\n<meta property=\"article:modified_time\" content=\"2019-11-28T11:20:30+00:00\" \/>\n<meta name=\"twitter:card\" content=\"summary_large_image\" \/>\n<meta name=\"twitter:label1\" content=\"Gesch\u00e4tzte Lesezeit\" \/>\n\t<meta name=\"twitter:data1\" content=\"2\u00a0Minuten\" \/>\n<script type=\"application\/ld+json\" class=\"yoast-schema-graph\">{\"@context\":\"https:\\\/\\\/schema.org\",\"@graph\":[{\"@type\":\"WebPage\",\"@id\":\"https:\\\/\\\/simoneschroeder.de\\\/mystuff\\\/impressum\\\/\",\"url\":\"https:\\\/\\\/simoneschroeder.de\\\/mystuff\\\/impressum\\\/\",\"name\":\"Impressum &#8212; Simone Schr\u00f6der \u2013 Visuelle Kommunikation\",\"isPartOf\":{\"@id\":\"https:\\\/\\\/simoneschroeder.de\\\/mystuff\\\/#website\"},\"datePublished\":\"2019-11-28T10:54:20+00:00\",\"dateModified\":\"2019-11-28T11:20:30+00:00\",\"description\":\"Grafik- und Web-Designerin aus Berlin. Ich unterst\u00fctze Unternehmen, Selbstst\u00e4ndige und Freiberufler, aus allen Branchen, in ihrer visuellen Kommunikation. Ich berate, gestalte, koordiniere und realisiere. Einzeln oder im Team. Offline und online.\",\"breadcrumb\":{\"@id\":\"https:\\\/\\\/simoneschroeder.de\\\/mystuff\\\/impressum\\\/#breadcrumb\"},\"inLanguage\":\"de\",\"potentialAction\":[{\"@type\":\"ReadAction\",\"target\":[\"https:\\\/\\\/simoneschroeder.de\\\/mystuff\\\/impressum\\\/\"]}]},{\"@type\":\"BreadcrumbList\",\"@id\":\"https:\\\/\\\/simoneschroeder.de\\\/mystuff\\\/impressum\\\/#breadcrumb\",\"itemListElement\":[{\"@type\":\"ListItem\",\"position\":1,\"name\":\"Startseite\",\"item\":\"https:\\\/\\\/simoneschroeder.de\\\/mystuff\\\/\"},{\"@type\":\"ListItem\",\"position\":2,\"name\":\"Impressum\"}]},{\"@type\":\"WebSite\",\"@id\":\"https:\\\/\\\/simoneschroeder.de\\\/mystuff\\\/#website\",\"url\":\"https:\\\/\\\/simoneschroeder.de\\\/mystuff\\\/\",\"name\":\"Simone Schr\u00f6der \u2013 Visuelle Kommunikation\",\"description\":\"B\u00fcro f\u00fcr visuelle Kommunikation \\\/ Corporate Design, Print und Webdesign\",\"publisher\":{\"@id\":\"https:\\\/\\\/simoneschroeder.de\\\/mystuff\\\/#\\\/schema\\\/person\\\/f61a5acbf2e00bb9117e0a9a446298cb\"},\"potentialAction\":[{\"@type\":\"SearchAction\",\"target\":{\"@type\":\"EntryPoint\",\"urlTemplate\":\"https:\\\/\\\/simoneschroeder.de\\\/mystuff\\\/?s={search_term_string}\"},\"query-input\":{\"@type\":\"PropertyValueSpecification\",\"valueRequired\":true,\"valueName\":\"search_term_string\"}}],\"inLanguage\":\"de\"},{\"@type\":[\"Person\",\"Organization\"],\"@id\":\"https:\\\/\\\/simoneschroeder.de\\\/mystuff\\\/#\\\/schema\\\/person\\\/f61a5acbf2e00bb9117e0a9a446298cb\",\"name\":\"Simone Schr\u00f6der\",\"image\":{\"@type\":\"ImageObject\",\"inLanguage\":\"de\",\"@id\":\"https:\\\/\\\/simoneschroeder.de\\\/mystuff\\\/wp-content\\\/uploads\\\/2020\\\/06\\\/simone-schroeder-visuelle-kommunikation.png\",\"url\":\"https:\\\/\\\/simoneschroeder.de\\\/mystuff\\\/wp-content\\\/uploads\\\/2020\\\/06\\\/simone-schroeder-visuelle-kommunikation.png\",\"contentUrl\":\"https:\\\/\\\/simoneschroeder.de\\\/mystuff\\\/wp-content\\\/uploads\\\/2020\\\/06\\\/simone-schroeder-visuelle-kommunikation.png\",\"width\":1253,\"height\":464,\"caption\":\"Simone Schr\u00f6der\"},\"logo\":{\"@id\":\"https:\\\/\\\/simoneschroeder.de\\\/mystuff\\\/wp-content\\\/uploads\\\/2020\\\/06\\\/simone-schroeder-visuelle-kommunikation.png\"},\"sameAs\":[\"https:\\\/\\\/simoneschroeder.de\",\"https:\\\/\\\/www.instagram.com\\\/simoneschroeder\\\/\"]}]}<\/script>\n<!-- \/ Yoast SEO plugin. -->","yoast_head_json":{"title":"Impressum &#8212; Simone Schr\u00f6der \u2013 Visuelle Kommunikation","description":"Grafik- und Web-Designerin aus Berlin. Ich unterst\u00fctze Unternehmen, Selbstst\u00e4ndige und Freiberufler, aus allen Branchen, in ihrer visuellen Kommunikation. Ich berate, gestalte, koordiniere und realisiere. Einzeln oder im Team. Offline und online.","robots":{"index":"index","follow":"follow","max-snippet":"max-snippet:-1","max-image-preview":"max-image-preview:large","max-video-preview":"max-video-preview:-1"},"canonical":"https:\/\/simoneschroeder.de\/mystuff\/impressum\/","og_locale":"de_DE","og_type":"article","og_title":"Impressum &#8212; Simone Schr\u00f6der \u2013 Visuelle Kommunikation","og_description":"Grafik- und Web-Designerin aus Berlin. Ich unterst\u00fctze Unternehmen, Selbstst\u00e4ndige und Freiberufler, aus allen Branchen, in ihrer visuellen Kommunikation. Ich berate, gestalte, koordiniere und realisiere. Einzeln oder im Team. Offline und online.","og_url":"https:\/\/simoneschroeder.de\/mystuff\/impressum\/","og_site_name":"Simone Schr\u00f6der \u2013 Visuelle Kommunikation","article_modified_time":"2019-11-28T11:20:30+00:00","twitter_card":"summary_large_image","twitter_misc":{"Gesch\u00e4tzte Lesezeit":"2\u00a0Minuten"},"schema":{"@context":"https:\/\/schema.org","@graph":[{"@type":"WebPage","@id":"https:\/\/simoneschroeder.de\/mystuff\/impressum\/","url":"https:\/\/simoneschroeder.de\/mystuff\/impressum\/","name":"Impressum &#8212; Simone Schr\u00f6der \u2013 Visuelle Kommunikation","isPartOf":{"@id":"https:\/\/simoneschroeder.de\/mystuff\/#website"},"datePublished":"2019-11-28T10:54:20+00:00","dateModified":"2019-11-28T11:20:30+00:00","description":"Grafik- und Web-Designerin aus Berlin. Ich unterst\u00fctze Unternehmen, Selbstst\u00e4ndige und Freiberufler, aus allen Branchen, in ihrer visuellen Kommunikation. Ich berate, gestalte, koordiniere und realisiere. Einzeln oder im Team. Offline und online.","breadcrumb":{"@id":"https:\/\/simoneschroeder.de\/mystuff\/impressum\/#breadcrumb"},"inLanguage":"de","potentialAction":[{"@type":"ReadAction","target":["https:\/\/simoneschroeder.de\/mystuff\/impressum\/"]}]},{"@type":"BreadcrumbList","@id":"https:\/\/simoneschroeder.de\/mystuff\/impressum\/#breadcrumb","itemListElement":[{"@type":"ListItem","position":1,"name":"Startseite","item":"https:\/\/simoneschroeder.de\/mystuff\/"},{"@type":"ListItem","position":2,"name":"Impressum"}]},{"@type":"WebSite","@id":"https:\/\/simoneschroeder.de\/mystuff\/#website","url":"https:\/\/simoneschroeder.de\/mystuff\/","name":"Simone Schr\u00f6der \u2013 Visuelle Kommunikation","description":"B\u00fcro f\u00fcr visuelle Kommunikation \/ Corporate Design, Print und Webdesign","publisher":{"@id":"https:\/\/simoneschroeder.de\/mystuff\/#\/schema\/person\/f61a5acbf2e00bb9117e0a9a446298cb"},"potentialAction":[{"@type":"SearchAction","target":{"@type":"EntryPoint","urlTemplate":"https:\/\/simoneschroeder.de\/mystuff\/?s={search_term_string}"},"query-input":{"@type":"PropertyValueSpecification","valueRequired":true,"valueName":"search_term_string"}}],"inLanguage":"de"},{"@type":["Person","Organization"],"@id":"https:\/\/simoneschroeder.de\/mystuff\/#\/schema\/person\/f61a5acbf2e00bb9117e0a9a446298cb","name":"Simone Schr\u00f6der","image":{"@type":"ImageObject","inLanguage":"de","@id":"https:\/\/simoneschroeder.de\/mystuff\/wp-content\/uploads\/2020\/06\/simone-schroeder-visuelle-kommunikation.png","url":"https:\/\/simoneschroeder.de\/mystuff\/wp-content\/uploads\/2020\/06\/simone-schroeder-visuelle-kommunikation.png","contentUrl":"https:\/\/simoneschroeder.de\/mystuff\/wp-content\/uploads\/2020\/06\/simone-schroeder-visuelle-kommunikation.png","width":1253,"height":464,"caption":"Simone Schr\u00f6der"},"logo":{"@id":"https:\/\/simoneschroeder.de\/mystuff\/wp-content\/uploads\/2020\/06\/simone-schroeder-visuelle-kommunikation.png"},"sameAs":["https:\/\/simoneschroeder.de","https:\/\/www.instagram.com\/simoneschroeder\/"]}]}},"_links":{"self":[{"href":"https:\/\/simoneschroeder.de\/mystuff\/wp-json\/wp\/v2\/pages\/83367","targetHints":{"allow":["GET"]}}],"collection":[{"href":"https:\/\/simoneschroeder.de\/mystuff\/wp-json\/wp\/v2\/pages"}],"about":[{"href":"https:\/\/simoneschroeder.de\/mystuff\/wp-json\/wp\/v2\/types\/page"}],"author":[{"embeddable":true,"href":"https:\/\/simoneschroeder.de\/mystuff\/wp-json\/wp\/v2\/users\/1"}],"replies":[{"embeddable":true,"href":"https:\/\/simoneschroeder.de\/mystuff\/wp-json\/wp\/v2\/comments?post=83367"}],"version-history":[{"count":7,"href":"https:\/\/simoneschroeder.de\/mystuff\/wp-json\/wp\/v2\/pages\/83367\/revisions"}],"predecessor-version":[{"id":83375,"href":"https:\/\/simoneschroeder.de\/mystuff\/wp-json\/wp\/v2\/pages\/83367\/revisions\/83375"}],"wp:attachment":[{"href":"https:\/\/simoneschroeder.de\/mystuff\/wp-json\/wp\/v2\/media?parent=83367"}],"curies":[{"name":"wp","href":"https:\/\/api.w.org\/{rel}","templated":true}]}}