{"id":84068,"date":"2023-09-24T14:02:56","date_gmt":"2023-09-24T12:02:56","guid":{"rendered":"https:\/\/simoneschroeder.de\/mystuff\/?page_id=84068"},"modified":"2023-10-01T13:59:18","modified_gmt":"2023-10-01T11:59:18","slug":"heilpraktikerin-daniela-meckies","status":"publish","type":"page","link":"https:\/\/simoneschroeder.de\/mystuff\/heilpraktikerin-daniela-meckies\/","title":{"rendered":"Heilpraktikerin <br>Daniela Meckies"},"content":{"rendered":"<div class=\"wpb-content-wrapper\"><p>[vc_row row_height_percent=&#8220;0&#8243; override_padding=&#8220;yes&#8220; h_padding=&#8220;2&#8243; top_padding=&#8220;0&#8243; bottom_padding=&#8220;4&#8243; overlay_alpha=&#8220;50&#8243; gutter_size=&#8220;3&#8243; column_width_percent=&#8220;100&#8243; shift_y=&#8220;0&#8243; z_index=&#8220;0&#8243; uncode_shortcode_id=&#8220;123156&#8243;][vc_column width=&#8220;1\/1&#8243;][vc_row_inner row_inner_height_percent=&#8220;100&#8243; overlay_alpha=&#8220;50&#8243; equal_height=&#8220;yes&#8220; gutter_size=&#8220;0&#8243; shift_y=&#8220;0&#8243; z_index=&#8220;0&#8243; limit_content=&#8220;&#8220; uncode_shortcode_id=&#8220;709696&#8243;][vc_column_inner column_width_percent=&#8220;100&#8243; gutter_size=&#8220;3&#8243; overlay_alpha=&#8220;50&#8243; shift_x=&#8220;0&#8243; shift_y=&#8220;0&#8243; shift_y_down=&#8220;0&#8243; z_index=&#8220;1&#8243; medium_visibility=&#8220;yes&#8220; medium_width=&#8220;0&#8243; mobile_visibility=&#8220;yes&#8220; mobile_width=&#8220;0&#8243; width=&#8220;5\/12&#8243; uncode_shortcode_id=&#8220;143797&#8243;][\/vc_column_inner][vc_column_inner column_width_percent=&#8220;100&#8243; gutter_size=&#8220;3&#8243; override_padding=&#8220;yes&#8220; column_padding=&#8220;0&#8243; back_color=&#8220;color-lxmt&#8220; overlay_alpha=&#8220;50&#8243; shift_x=&#8220;0&#8243; shift_y=&#8220;0&#8243; shift_y_down=&#8220;5&#8243; z_index=&#8220;0&#8243; medium_width=&#8220;0&#8243; mobile_width=&#8220;0&#8243; width=&#8220;7\/12&#8243; uncode_shortcode_id=&#8220;864790&#8243; back_color_type=&#8220;uncode-palette&#8220;][vc_empty_space empty_h=&#8220;2&#8243; desktop_visibility=&#8220;yes&#8220;][vc_empty_space empty_h=&#8220;2&#8243; desktop_visibility=&#8220;yes&#8220;][vc_custom_heading text_color=&#8220;color-prif&#8220; text_size=&#8220;h1&#8243; text_height=&#8220;fontheight-357766&#8243; uncode_shortcode_id=&#8220;101392&#8243; text_color_type=&#8220;uncode-palette&#8220;]Praxis f\u00fcr Ganzheitliche Gesundheit \u2013 Daniela Meckies[\/vc_custom_heading][vc_custom_heading text_color=&#8220;color-prif&#8220; heading_semantic=&#8220;p&#8220; text_size=&#8220;h4&#8243; text_weight=&#8220;300&#8243; text_height=&#8220;fontheight-357766&#8243; uncode_shortcode_id=&#8220;160784&#8243; text_color_type=&#8220;uncode-palette&#8220;]Brand Design f\u00fcr Daniela Meckies, Heilpraktikerin und Gesundheitscoach. Neben der Entwicklung einer kompletten Gesch\u00e4ftsausstattung habe ich auch eine ansprechende 6-seitige Praxisbrosch\u00fcre und eine ma\u00dfgeschneiderte WordPress-Website f\u00fcr sie erstellt. Im Rahmen der Neugestaltung ihrer Praxis hat Daniela einige meiner Fotografien sorgf\u00e4ltig ausgew\u00e4hlt, um ihre R\u00e4umlichkeiten zu versch\u00f6nern und eine entspannte und beruhigende Atmosph\u00e4re f\u00fcr ihre Patienten zu schaffen.[\/vc_custom_heading][\/vc_column_inner][\/vc_row_inner][\/vc_column][\/vc_row][vc_row row_height_percent=&#8220;0&#8243; override_padding=&#8220;yes&#8220; h_padding=&#8220;0&#8243; top_padding=&#8220;0&#8243; bottom_padding=&#8220;0&#8243; overlay_alpha=&#8220;50&#8243; gutter_size=&#8220;0&#8243; column_width_percent=&#8220;100&#8243; shift_y=&#8220;0&#8243; z_index=&#8220;0&#8243;][vc_column column_width_percent=&#8220;100&#8243; gutter_size=&#8220;0&#8243; overlay_alpha=&#8220;50&#8243; shift_x=&#8220;0&#8243; shift_y=&#8220;-5&#8243; shift_y_down=&#8220;0&#8243; z_index=&#8220;0&#8243; medium_width=&#8220;0&#8243; mobile_width=&#8220;0&#8243; width=&#8220;2\/3&#8243;][vc_single_image media=&#8220;84078&#8243; media_width_percent=&#8220;100&#8243; css_animation=&#8220;bottom-t-top&#8220; animation_speed=&#8220;400&#8243; animation_delay=&#8220;400&#8243; uncode_shortcode_id=&#8220;503366&#8243;][vc_single_image media=&#8220;84056&#8243; caption=&#8220;yes&#8220; media_width_percent=&#8220;100&#8243; alignment=&#8220;right&#8220; css_animation=&#8220;bottom-t-top&#8220; animation_speed=&#8220;400&#8243; animation_delay=&#8220;400&#8243; uncode_shortcode_id=&#8220;227133&#8243;][vc_single_image media=&#8220;84066&#8243; media_width_percent=&#8220;100&#8243; alignment=&#8220;right&#8220; css_animation=&#8220;bottom-t-top&#8220; animation_speed=&#8220;400&#8243; animation_delay=&#8220;400&#8243; uncode_shortcode_id=&#8220;395124&#8243;][\/vc_column][vc_column column_width_percent=&#8220;100&#8243; gutter_size=&#8220;3&#8243; overlay_alpha=&#8220;50&#8243; shift_x=&#8220;0&#8243; shift_y=&#8220;0&#8243; shift_y_down=&#8220;0&#8243; z_index=&#8220;0&#8243; medium_width=&#8220;0&#8243; mobile_width=&#8220;0&#8243; width=&#8220;1\/3&#8243;][vc_single_image media=&#8220;84064&#8243; media_width_percent=&#8220;100&#8243; css_animation=&#8220;bottom-t-top&#8220; animation_speed=&#8220;400&#8243; animation_delay=&#8220;400&#8243; uncode_shortcode_id=&#8220;969052&#8243;][vc_single_image media=&#8220;84065&#8243; media_width_percent=&#8220;100&#8243; css_animation=&#8220;bottom-t-top&#8220; animation_speed=&#8220;400&#8243; animation_delay=&#8220;400&#8243; uncode_shortcode_id=&#8220;175756&#8243;][vc_single_image media=&#8220;84080&#8243; media_width_percent=&#8220;100&#8243; css_animation=&#8220;bottom-t-top&#8220; animation_speed=&#8220;400&#8243; animation_delay=&#8220;400&#8243; uncode_shortcode_id=&#8220;200421&#8243;][vc_single_image media=&#8220;84058&#8243; media_width_percent=&#8220;100&#8243; css_animation=&#8220;bottom-t-top&#8220; animation_speed=&#8220;400&#8243; animation_delay=&#8220;400&#8243; uncode_shortcode_id=&#8220;995806&#8243;][vc_custom_heading text_color=&#8220;color-prif&#8220; heading_semantic=&#8220;p&#8220; text_size=&#8220;h4&#8243; text_weight=&#8220;300&#8243; text_height=&#8220;fontheight-357766&#8243; uncode_shortcode_id=&#8220;431438&#8243; text_color_type=&#8220;uncode-palette&#8220;]<\/p>\n<p style=\"text-align: center;\"><a href=\"https:\/\/daniela-meckies.com\/\" target=\"_blank\" rel=\"noopener\">www.daniela-meckies.com<\/a><\/p>\n<p>[\/vc_custom_heading][\/vc_column][\/vc_row][vc_row][vc_column width=&#8220;1\/1&#8243;][vc_empty_space empty_h=&#8220;5&#8243;][\/vc_column][\/vc_row][vc_row row_height_percent=&#8220;0&#8243; override_padding=&#8220;yes&#8220; h_padding=&#8220;0&#8243; top_padding=&#8220;4&#8243; bottom_padding=&#8220;0&#8243; back_color=&#8220;color-wvjs&#8220; overlay_alpha=&#8220;50&#8243; equal_height=&#8220;yes&#8220; gutter_size=&#8220;2&#8243; column_width_percent=&#8220;100&#8243; shift_y=&#8220;0&#8243; z_index=&#8220;0&#8243; uncode_shortcode_id=&#8220;744899&#8243; back_color_type=&#8220;uncode-palette&#8220;][vc_column column_width_percent=&#8220;100&#8243; gutter_size=&#8220;0&#8243; overlay_alpha=&#8220;50&#8243; shift_x=&#8220;0&#8243; shift_y=&#8220;-2&#8243; shift_y_down=&#8220;0&#8243; z_index=&#8220;0&#8243; medium_width=&#8220;0&#8243; mobile_width=&#8220;0&#8243; width=&#8220;2\/4&#8243; uncode_shortcode_id=&#8220;401831&#8243;][vc_single_image media=&#8220;84084&#8243; media_width_percent=&#8220;100&#8243; css_animation=&#8220;bottom-t-top&#8220; animation_speed=&#8220;400&#8243; animation_delay=&#8220;400&#8243; uncode_shortcode_id=&#8220;214144&#8243;][\/vc_column][vc_column column_width_percent=&#8220;100&#8243; position_horizontal=&#8220;right&#8220; gutter_size=&#8220;3&#8243; override_padding=&#8220;yes&#8220; column_padding=&#8220;2&#8243; overlay_alpha=&#8220;50&#8243; shift_x=&#8220;2&#8243; shift_y=&#8220;-3&#8243; shift_y_down=&#8220;0&#8243; z_index=&#8220;0&#8243; medium_width=&#8220;0&#8243; mobile_width=&#8220;0&#8243; width=&#8220;1\/4&#8243; uncode_shortcode_id=&#8220;160624&#8243;][vc_single_image media=&#8220;84085&#8243; media_width_percent=&#8220;100&#8243; css_animation=&#8220;bottom-t-top&#8220; animation_speed=&#8220;400&#8243; animation_delay=&#8220;400&#8243; uncode_shortcode_id=&#8220;333972&#8243;][\/vc_column][vc_column column_width_percent=&#8220;100&#8243; gutter_size=&#8220;3&#8243; override_padding=&#8220;yes&#8220; column_padding=&#8220;2&#8243; overlay_alpha=&#8220;50&#8243; shift_x=&#8220;0&#8243; shift_y=&#8220;-3&#8243; shift_y_down=&#8220;0&#8243; z_index=&#8220;0&#8243; medium_width=&#8220;0&#8243; mobile_width=&#8220;0&#8243; width=&#8220;1\/4&#8243; uncode_shortcode_id=&#8220;228124&#8243;][vc_single_image media=&#8220;84087&#8243; media_width_percent=&#8220;100&#8243; css_animation=&#8220;bottom-t-top&#8220; animation_speed=&#8220;400&#8243; animation_delay=&#8220;400&#8243; uncode_shortcode_id=&#8220;121961&#8243;][\/vc_column][\/vc_row][vc_row row_height_percent=&#8220;0&#8243; override_padding=&#8220;yes&#8220; h_padding=&#8220;2&#8243; top_padding=&#8220;3&#8243; bottom_padding=&#8220;0&#8243; back_color=&#8220;color-wvjs&#8220; overlay_alpha=&#8220;50&#8243; gutter_size=&#8220;3&#8243; column_width_percent=&#8220;100&#8243; shift_y=&#8220;0&#8243; z_index=&#8220;0&#8243; uncode_shortcode_id=&#8220;682471&#8243; back_color_type=&#8220;uncode-palette&#8220; shape_dividers=&#8220;&#8220;][vc_column width=&#8220;1\/1&#8243;][vc_empty_space empty_h=&#8220;3&#8243;][\/vc_column][\/vc_row][vc_row row_height_percent=&#8220;0&#8243; override_padding=&#8220;yes&#8220; h_padding=&#8220;0&#8243; top_padding=&#8220;0&#8243; bottom_padding=&#8220;0&#8243; back_color=&#8220;color-wvjs&#8220; overlay_alpha=&#8220;50&#8243; equal_height=&#8220;yes&#8220; gutter_size=&#8220;2&#8243; column_width_percent=&#8220;100&#8243; shift_y=&#8220;0&#8243; z_index=&#8220;0&#8243; uncode_shortcode_id=&#8220;213089&#8243; back_color_type=&#8220;uncode-palette&#8220;][vc_column column_width_percent=&#8220;100&#8243; gutter_size=&#8220;0&#8243; override_padding=&#8220;yes&#8220; column_padding=&#8220;2&#8243; overlay_alpha=&#8220;50&#8243; shift_x=&#8220;0&#8243; shift_y=&#8220;0&#8243; shift_y_down=&#8220;0&#8243; z_index=&#8220;0&#8243; medium_width=&#8220;0&#8243; mobile_width=&#8220;0&#8243; width=&#8220;1\/4&#8243; uncode_shortcode_id=&#8220;152259&#8243;][\/vc_column][vc_column column_width_percent=&#8220;100&#8243; gutter_size=&#8220;3&#8243; override_padding=&#8220;yes&#8220; column_padding=&#8220;2&#8243; overlay_alpha=&#8220;50&#8243; shift_x=&#8220;2&#8243; shift_y=&#8220;-5&#8243; shift_y_down=&#8220;0&#8243; z_index=&#8220;0&#8243; medium_width=&#8220;0&#8243; mobile_width=&#8220;0&#8243; width=&#8220;1\/4&#8243; uncode_shortcode_id=&#8220;246057&#8243;][vc_single_image media=&#8220;84094&#8243; media_width_percent=&#8220;100&#8243; css_animation=&#8220;bottom-t-top&#8220; animation_speed=&#8220;400&#8243; animation_delay=&#8220;400&#8243; uncode_shortcode_id=&#8220;178372&#8243;][\/vc_column][vc_column column_width_percent=&#8220;100&#8243; gutter_size=&#8220;3&#8243; override_padding=&#8220;yes&#8220; column_padding=&#8220;2&#8243; overlay_alpha=&#8220;50&#8243; shift_x=&#8220;0&#8243; shift_y=&#8220;-5&#8243; shift_y_down=&#8220;0&#8243; z_index=&#8220;0&#8243; medium_width=&#8220;0&#8243; mobile_width=&#8220;0&#8243; width=&#8220;2\/4&#8243; uncode_shortcode_id=&#8220;896199&#8243;][vc_single_image media=&#8220;84093&#8243; media_width_percent=&#8220;100&#8243; css_animation=&#8220;bottom-t-top&#8220; animation_speed=&#8220;400&#8243; animation_delay=&#8220;400&#8243; uncode_shortcode_id=&#8220;205954&#8243;][\/vc_column][\/vc_row][vc_row row_height_percent=&#8220;0&#8243; override_padding=&#8220;yes&#8220; h_padding=&#8220;2&#8243; top_padding=&#8220;3&#8243; bottom_padding=&#8220;0&#8243; back_color=&#8220;color-wvjs&#8220; overlay_alpha=&#8220;50&#8243; gutter_size=&#8220;3&#8243; column_width_percent=&#8220;100&#8243; shift_y=&#8220;0&#8243; z_index=&#8220;0&#8243; uncode_shortcode_id=&#8220;923043&#8243; back_color_type=&#8220;uncode-palette&#8220; shape_dividers=&#8220;&#8220;][vc_column width=&#8220;1\/1&#8243;][vc_empty_space empty_h=&#8220;3&#8243;][\/vc_column][\/vc_row][vc_row row_height_percent=&#8220;0&#8243; override_padding=&#8220;yes&#8220; h_padding=&#8220;0&#8243; top_padding=&#8220;0&#8243; bottom_padding=&#8220;0&#8243; back_color=&#8220;color-wvjs&#8220; overlay_alpha=&#8220;50&#8243; equal_height=&#8220;yes&#8220; gutter_size=&#8220;2&#8243; column_width_percent=&#8220;100&#8243; shift_y=&#8220;0&#8243; z_index=&#8220;0&#8243; uncode_shortcode_id=&#8220;932310&#8243; back_color_type=&#8220;uncode-palette&#8220; shape_dividers=&#8220;&#8220;][vc_column column_width_percent=&#8220;100&#8243; gutter_size=&#8220;0&#8243; overlay_alpha=&#8220;50&#8243; shift_x=&#8220;0&#8243; shift_y=&#8220;-2&#8243; shift_y_down=&#8220;0&#8243; z_index=&#8220;0&#8243; medium_width=&#8220;0&#8243; mobile_width=&#8220;0&#8243; width=&#8220;2\/4&#8243; uncode_shortcode_id=&#8220;401831&#8243;][vc_single_image media=&#8220;84112&#8243; media_width_percent=&#8220;100&#8243; css_animation=&#8220;bottom-t-top&#8220; animation_speed=&#8220;400&#8243; animation_delay=&#8220;400&#8243; uncode_shortcode_id=&#8220;194640&#8243;][\/vc_column][vc_column column_width_percent=&#8220;100&#8243; position_horizontal=&#8220;right&#8220; gutter_size=&#8220;3&#8243; override_padding=&#8220;yes&#8220; column_padding=&#8220;2&#8243; overlay_alpha=&#8220;50&#8243; shift_x=&#8220;0&#8243; shift_y=&#8220;-5&#8243; shift_y_down=&#8220;0&#8243; z_index=&#8220;0&#8243; medium_width=&#8220;0&#8243; mobile_width=&#8220;0&#8243; width=&#8220;1\/4&#8243; uncode_shortcode_id=&#8220;817322&#8243;][vc_single_image media=&#8220;84113&#8243; media_width_percent=&#8220;100&#8243; css_animation=&#8220;bottom-t-top&#8220; animation_speed=&#8220;400&#8243; animation_delay=&#8220;400&#8243; uncode_shortcode_id=&#8220;472243&#8243;][\/vc_column][\/vc_row]<\/p>\n<\/div>","protected":false},"excerpt":{"rendered":"<p>[vc_row row_height_percent=&#8220;0&#8243; override_padding=&#8220;yes&#8220; h_padding=&#8220;2&#8243; top_padding=&#8220;0&#8243; bottom_padding=&#8220;4&#8243; overlay_alpha=&#8220;50&#8243; gutter_size=&#8220;3&#8243; column_width_percent=&#8220;100&#8243; shift_y=&#8220;0&#8243; z_index=&#8220;0&#8243; uncode_shortcode_id=&#8220;123156&#8243;][vc_column width=&#8220;1\/1&#8243;][vc_row_inner row_inner_height_percent=&#8220;100&#8243; overlay_alpha=&#8220;50&#8243; equal_height=&#8220;yes&#8220; gutter_size=&#8220;0&#8243; shift_y=&#8220;0&#8243; z_index=&#8220;0&#8243; limit_content=&#8220;&#8220; [&hellip;]<\/p>\n","protected":false},"author":1,"featured_media":84078,"parent":0,"menu_order":0,"comment_status":"closed","ping_status":"closed","template":"","meta":{"footnotes":""},"class_list":["post-84068","page","type-page","status-publish","has-post-thumbnail","hentry"],"yoast_head":"<!-- This site is optimized with the Yoast SEO plugin v27.3 - https:\/\/yoast.com\/product\/yoast-seo-wordpress\/ -->\n<title>Heilpraktikerin Daniela Meckies &#8212; Simone Schr\u00f6der \u2013 Visuelle Kommunikation<\/title>\n<meta name=\"description\" content=\"Visuellen Erscheinungsbildes f\u00fcr Heilpraktikerin und Gesundheitscoach Daniela Meckies, Website, Faltblatt, Gesch\u00e4ftsausstattung und Sonstiges\" \/>\n<meta name=\"robots\" content=\"index, follow, max-snippet:-1, max-image-preview:large, max-video-preview:-1\" \/>\n<link rel=\"canonical\" href=\"https:\/\/simoneschroeder.de\/mystuff\/heilpraktikerin-daniela-meckies\/\" \/>\n<meta property=\"og:locale\" content=\"de_DE\" \/>\n<meta property=\"og:type\" content=\"article\" \/>\n<meta property=\"og:title\" content=\"Heilpraktikerin Daniela Meckies &#8212; Simone Schr\u00f6der \u2013 Visuelle Kommunikation\" \/>\n<meta property=\"og:description\" content=\"Visuellen Erscheinungsbildes f\u00fcr Heilpraktikerin und Gesundheitscoach Daniela Meckies, Website, Faltblatt, Gesch\u00e4ftsausstattung und Sonstiges\" \/>\n<meta property=\"og:url\" content=\"https:\/\/simoneschroeder.de\/mystuff\/heilpraktikerin-daniela-meckies\/\" \/>\n<meta property=\"og:site_name\" content=\"Simone Schr\u00f6der \u2013 Visuelle Kommunikation\" \/>\n<meta property=\"article:modified_time\" content=\"2023-10-01T11:59:18+00:00\" \/>\n<meta property=\"og:image\" content=\"https:\/\/simoneschroeder.de\/mystuff\/wp-content\/uploads\/2023\/09\/Dani-Geschaeftspapiere_2023.jpg\" \/>\n\t<meta property=\"og:image:width\" content=\"1537\" \/>\n\t<meta property=\"og:image:height\" content=\"988\" \/>\n\t<meta property=\"og:image:type\" content=\"image\/jpeg\" \/>\n<meta name=\"twitter:card\" content=\"summary_large_image\" \/>\n<meta name=\"twitter:label1\" content=\"Gesch\u00e4tzte Lesezeit\" \/>\n\t<meta name=\"twitter:data1\" content=\"3\u00a0Minuten\" \/>\n<script type=\"application\/ld+json\" class=\"yoast-schema-graph\">{\"@context\":\"https:\\\/\\\/schema.org\",\"@graph\":[{\"@type\":\"WebPage\",\"@id\":\"https:\\\/\\\/simoneschroeder.de\\\/mystuff\\\/heilpraktikerin-daniela-meckies\\\/\",\"url\":\"https:\\\/\\\/simoneschroeder.de\\\/mystuff\\\/heilpraktikerin-daniela-meckies\\\/\",\"name\":\"Heilpraktikerin Daniela Meckies &#8212; Simone Schr\u00f6der \u2013 Visuelle Kommunikation\",\"isPartOf\":{\"@id\":\"https:\\\/\\\/simoneschroeder.de\\\/mystuff\\\/#website\"},\"primaryImageOfPage\":{\"@id\":\"https:\\\/\\\/simoneschroeder.de\\\/mystuff\\\/heilpraktikerin-daniela-meckies\\\/#primaryimage\"},\"image\":{\"@id\":\"https:\\\/\\\/simoneschroeder.de\\\/mystuff\\\/heilpraktikerin-daniela-meckies\\\/#primaryimage\"},\"thumbnailUrl\":\"https:\\\/\\\/simoneschroeder.de\\\/mystuff\\\/wp-content\\\/uploads\\\/2023\\\/09\\\/Dani-Geschaeftspapiere_2023.jpg\",\"datePublished\":\"2023-09-24T12:02:56+00:00\",\"dateModified\":\"2023-10-01T11:59:18+00:00\",\"description\":\"Visuellen Erscheinungsbildes f\u00fcr Heilpraktikerin und Gesundheitscoach Daniela Meckies, Website, Faltblatt, Gesch\u00e4ftsausstattung und Sonstiges\",\"breadcrumb\":{\"@id\":\"https:\\\/\\\/simoneschroeder.de\\\/mystuff\\\/heilpraktikerin-daniela-meckies\\\/#breadcrumb\"},\"inLanguage\":\"de\",\"potentialAction\":[{\"@type\":\"ReadAction\",\"target\":[\"https:\\\/\\\/simoneschroeder.de\\\/mystuff\\\/heilpraktikerin-daniela-meckies\\\/\"]}]},{\"@type\":\"ImageObject\",\"inLanguage\":\"de\",\"@id\":\"https:\\\/\\\/simoneschroeder.de\\\/mystuff\\\/heilpraktikerin-daniela-meckies\\\/#primaryimage\",\"url\":\"https:\\\/\\\/simoneschroeder.de\\\/mystuff\\\/wp-content\\\/uploads\\\/2023\\\/09\\\/Dani-Geschaeftspapiere_2023.jpg\",\"contentUrl\":\"https:\\\/\\\/simoneschroeder.de\\\/mystuff\\\/wp-content\\\/uploads\\\/2023\\\/09\\\/Dani-Geschaeftspapiere_2023.jpg\",\"width\":1537,\"height\":988,\"caption\":\"Daniela Meckies Heilpraktikerin Brand Design\"},{\"@type\":\"BreadcrumbList\",\"@id\":\"https:\\\/\\\/simoneschroeder.de\\\/mystuff\\\/heilpraktikerin-daniela-meckies\\\/#breadcrumb\",\"itemListElement\":[{\"@type\":\"ListItem\",\"position\":1,\"name\":\"Startseite\",\"item\":\"https:\\\/\\\/simoneschroeder.de\\\/mystuff\\\/\"},{\"@type\":\"ListItem\",\"position\":2,\"name\":\"Heilpraktikerin Daniela Meckies\"}]},{\"@type\":\"WebSite\",\"@id\":\"https:\\\/\\\/simoneschroeder.de\\\/mystuff\\\/#website\",\"url\":\"https:\\\/\\\/simoneschroeder.de\\\/mystuff\\\/\",\"name\":\"Simone Schr\u00f6der \u2013 Visuelle Kommunikation\",\"description\":\"B\u00fcro f\u00fcr visuelle Kommunikation \\\/ Corporate Design, Print und Webdesign\",\"publisher\":{\"@id\":\"https:\\\/\\\/simoneschroeder.de\\\/mystuff\\\/#\\\/schema\\\/person\\\/f61a5acbf2e00bb9117e0a9a446298cb\"},\"potentialAction\":[{\"@type\":\"SearchAction\",\"target\":{\"@type\":\"EntryPoint\",\"urlTemplate\":\"https:\\\/\\\/simoneschroeder.de\\\/mystuff\\\/?s={search_term_string}\"},\"query-input\":{\"@type\":\"PropertyValueSpecification\",\"valueRequired\":true,\"valueName\":\"search_term_string\"}}],\"inLanguage\":\"de\"},{\"@type\":[\"Person\",\"Organization\"],\"@id\":\"https:\\\/\\\/simoneschroeder.de\\\/mystuff\\\/#\\\/schema\\\/person\\\/f61a5acbf2e00bb9117e0a9a446298cb\",\"name\":\"Simone Schr\u00f6der\",\"image\":{\"@type\":\"ImageObject\",\"inLanguage\":\"de\",\"@id\":\"https:\\\/\\\/simoneschroeder.de\\\/mystuff\\\/wp-content\\\/uploads\\\/2020\\\/06\\\/simone-schroeder-visuelle-kommunikation.png\",\"url\":\"https:\\\/\\\/simoneschroeder.de\\\/mystuff\\\/wp-content\\\/uploads\\\/2020\\\/06\\\/simone-schroeder-visuelle-kommunikation.png\",\"contentUrl\":\"https:\\\/\\\/simoneschroeder.de\\\/mystuff\\\/wp-content\\\/uploads\\\/2020\\\/06\\\/simone-schroeder-visuelle-kommunikation.png\",\"width\":1253,\"height\":464,\"caption\":\"Simone Schr\u00f6der\"},\"logo\":{\"@id\":\"https:\\\/\\\/simoneschroeder.de\\\/mystuff\\\/wp-content\\\/uploads\\\/2020\\\/06\\\/simone-schroeder-visuelle-kommunikation.png\"},\"sameAs\":[\"https:\\\/\\\/simoneschroeder.de\",\"https:\\\/\\\/www.instagram.com\\\/simoneschroeder\\\/\"]}]}<\/script>\n<!-- \/ Yoast SEO plugin. -->","yoast_head_json":{"title":"Heilpraktikerin Daniela Meckies &#8212; Simone Schr\u00f6der \u2013 Visuelle Kommunikation","description":"Visuellen Erscheinungsbildes f\u00fcr Heilpraktikerin und Gesundheitscoach Daniela Meckies, Website, Faltblatt, Gesch\u00e4ftsausstattung und Sonstiges","robots":{"index":"index","follow":"follow","max-snippet":"max-snippet:-1","max-image-preview":"max-image-preview:large","max-video-preview":"max-video-preview:-1"},"canonical":"https:\/\/simoneschroeder.de\/mystuff\/heilpraktikerin-daniela-meckies\/","og_locale":"de_DE","og_type":"article","og_title":"Heilpraktikerin Daniela Meckies &#8212; Simone Schr\u00f6der \u2013 Visuelle Kommunikation","og_description":"Visuellen Erscheinungsbildes f\u00fcr Heilpraktikerin und Gesundheitscoach Daniela Meckies, Website, Faltblatt, Gesch\u00e4ftsausstattung und Sonstiges","og_url":"https:\/\/simoneschroeder.de\/mystuff\/heilpraktikerin-daniela-meckies\/","og_site_name":"Simone Schr\u00f6der \u2013 Visuelle Kommunikation","article_modified_time":"2023-10-01T11:59:18+00:00","og_image":[{"width":1537,"height":988,"url":"https:\/\/simoneschroeder.de\/mystuff\/wp-content\/uploads\/2023\/09\/Dani-Geschaeftspapiere_2023.jpg","type":"image\/jpeg"}],"twitter_card":"summary_large_image","twitter_misc":{"Gesch\u00e4tzte Lesezeit":"3\u00a0Minuten"},"schema":{"@context":"https:\/\/schema.org","@graph":[{"@type":"WebPage","@id":"https:\/\/simoneschroeder.de\/mystuff\/heilpraktikerin-daniela-meckies\/","url":"https:\/\/simoneschroeder.de\/mystuff\/heilpraktikerin-daniela-meckies\/","name":"Heilpraktikerin Daniela Meckies &#8212; Simone Schr\u00f6der \u2013 Visuelle Kommunikation","isPartOf":{"@id":"https:\/\/simoneschroeder.de\/mystuff\/#website"},"primaryImageOfPage":{"@id":"https:\/\/simoneschroeder.de\/mystuff\/heilpraktikerin-daniela-meckies\/#primaryimage"},"image":{"@id":"https:\/\/simoneschroeder.de\/mystuff\/heilpraktikerin-daniela-meckies\/#primaryimage"},"thumbnailUrl":"https:\/\/simoneschroeder.de\/mystuff\/wp-content\/uploads\/2023\/09\/Dani-Geschaeftspapiere_2023.jpg","datePublished":"2023-09-24T12:02:56+00:00","dateModified":"2023-10-01T11:59:18+00:00","description":"Visuellen Erscheinungsbildes f\u00fcr Heilpraktikerin und Gesundheitscoach Daniela Meckies, Website, Faltblatt, Gesch\u00e4ftsausstattung und Sonstiges","breadcrumb":{"@id":"https:\/\/simoneschroeder.de\/mystuff\/heilpraktikerin-daniela-meckies\/#breadcrumb"},"inLanguage":"de","potentialAction":[{"@type":"ReadAction","target":["https:\/\/simoneschroeder.de\/mystuff\/heilpraktikerin-daniela-meckies\/"]}]},{"@type":"ImageObject","inLanguage":"de","@id":"https:\/\/simoneschroeder.de\/mystuff\/heilpraktikerin-daniela-meckies\/#primaryimage","url":"https:\/\/simoneschroeder.de\/mystuff\/wp-content\/uploads\/2023\/09\/Dani-Geschaeftspapiere_2023.jpg","contentUrl":"https:\/\/simoneschroeder.de\/mystuff\/wp-content\/uploads\/2023\/09\/Dani-Geschaeftspapiere_2023.jpg","width":1537,"height":988,"caption":"Daniela Meckies Heilpraktikerin Brand Design"},{"@type":"BreadcrumbList","@id":"https:\/\/simoneschroeder.de\/mystuff\/heilpraktikerin-daniela-meckies\/#breadcrumb","itemListElement":[{"@type":"ListItem","position":1,"name":"Startseite","item":"https:\/\/simoneschroeder.de\/mystuff\/"},{"@type":"ListItem","position":2,"name":"Heilpraktikerin Daniela Meckies"}]},{"@type":"WebSite","@id":"https:\/\/simoneschroeder.de\/mystuff\/#website","url":"https:\/\/simoneschroeder.de\/mystuff\/","name":"Simone Schr\u00f6der \u2013 Visuelle Kommunikation","description":"B\u00fcro f\u00fcr visuelle Kommunikation \/ Corporate Design, Print und Webdesign","publisher":{"@id":"https:\/\/simoneschroeder.de\/mystuff\/#\/schema\/person\/f61a5acbf2e00bb9117e0a9a446298cb"},"potentialAction":[{"@type":"SearchAction","target":{"@type":"EntryPoint","urlTemplate":"https:\/\/simoneschroeder.de\/mystuff\/?s={search_term_string}"},"query-input":{"@type":"PropertyValueSpecification","valueRequired":true,"valueName":"search_term_string"}}],"inLanguage":"de"},{"@type":["Person","Organization"],"@id":"https:\/\/simoneschroeder.de\/mystuff\/#\/schema\/person\/f61a5acbf2e00bb9117e0a9a446298cb","name":"Simone Schr\u00f6der","image":{"@type":"ImageObject","inLanguage":"de","@id":"https:\/\/simoneschroeder.de\/mystuff\/wp-content\/uploads\/2020\/06\/simone-schroeder-visuelle-kommunikation.png","url":"https:\/\/simoneschroeder.de\/mystuff\/wp-content\/uploads\/2020\/06\/simone-schroeder-visuelle-kommunikation.png","contentUrl":"https:\/\/simoneschroeder.de\/mystuff\/wp-content\/uploads\/2020\/06\/simone-schroeder-visuelle-kommunikation.png","width":1253,"height":464,"caption":"Simone Schr\u00f6der"},"logo":{"@id":"https:\/\/simoneschroeder.de\/mystuff\/wp-content\/uploads\/2020\/06\/simone-schroeder-visuelle-kommunikation.png"},"sameAs":["https:\/\/simoneschroeder.de","https:\/\/www.instagram.com\/simoneschroeder\/"]}]}},"_links":{"self":[{"href":"https:\/\/simoneschroeder.de\/mystuff\/wp-json\/wp\/v2\/pages\/84068","targetHints":{"allow":["GET"]}}],"collection":[{"href":"https:\/\/simoneschroeder.de\/mystuff\/wp-json\/wp\/v2\/pages"}],"about":[{"href":"https:\/\/simoneschroeder.de\/mystuff\/wp-json\/wp\/v2\/types\/page"}],"author":[{"embeddable":true,"href":"https:\/\/simoneschroeder.de\/mystuff\/wp-json\/wp\/v2\/users\/1"}],"replies":[{"embeddable":true,"href":"https:\/\/simoneschroeder.de\/mystuff\/wp-json\/wp\/v2\/comments?post=84068"}],"version-history":[{"count":27,"href":"https:\/\/simoneschroeder.de\/mystuff\/wp-json\/wp\/v2\/pages\/84068\/revisions"}],"predecessor-version":[{"id":84076,"href":"https:\/\/simoneschroeder.de\/mystuff\/wp-json\/wp\/v2\/pages\/84068\/revisions\/84076"}],"wp:featuredmedia":[{"embeddable":true,"href":"https:\/\/simoneschroeder.de\/mystuff\/wp-json\/wp\/v2\/media\/84078"}],"wp:attachment":[{"href":"https:\/\/simoneschroeder.de\/mystuff\/wp-json\/wp\/v2\/media?parent=84068"}],"curies":[{"name":"wp","href":"https:\/\/api.w.org\/{rel}","templated":true}]}}